{"id":1211,"date":"2015-05-21T12:41:40","date_gmt":"2015-05-21T12:41:40","guid":{"rendered":"http:\/\/pencidesign.com\/soledad\/?page_id=2"},"modified":"2019-08-21T12:03:59","modified_gmt":"2019-08-21T10:03:59","slug":"about-me","status":"publish","type":"page","link":"https:\/\/www.prendstadose.fr\/index.php\/about-me\/","title":{"rendered":"Mon projet"},"content":{"rendered":"<p><img loading=\"lazy\" decoding=\"async\" class=\"aligncenter wp-image-1483 size-large\" src=\"https:\/\/www.bsf.ovh\/wp-content\/uploads\/2019\/08\/unnamed-1-1024x768.jpg\" alt=\"Les jeunes du bidonville &quot;Site 1&quot; \u00e0 Calauan aux Philippines\" width=\"1024\" height=\"768\" \/><\/p>\n<p>En route pour 1 an \u00e0 Jakarta, capitale de l\u2019Indon\u00e9sie. Apr\u00e8s avoir d\u00e9croch\u00e9 avec panache mon dipl\u00f4me d\u2019ing\u00e9nieur, j\u2019ai d\u00e9cid\u00e9 de profiter des libert\u00e9s qui sont celles de la jeunesse (no credit, no woman) pour commencer ma vie de jeune cadre dynamique \u00e0 l\u2019autre bout du monde. Je pars en Volontariat de Solidarit\u00e9 Internationale (VSI), statut qui permet \u00e0 de jeunes fran\u00e7ais comme moi de partir avec une ONG dans un pays en voie de d\u00e9veloppement.<\/p>\n<p>Je rejoins le nord de la ville de Jakarta pour travailler dans un incubateur (un organisme d\u2019accompagnement \u00e0 l\u2019entrepreneuriat). J\u2019accompagnerai des jeunes des bidonvilles \u00e0 g\u00e9rer une activit\u00e9 \u00e9conomique afin de lutter contre l\u2019exclusion sociale par la r\u00e9insertion professionnelle. En d\u2019autres mots, je coacherai 17 jeunes de 17 \u00e0 24 ans \u00e0 travers une p\u00e9dagogie bas\u00e9e sur 3 axes : la gestion d\u2019une activit\u00e9 \u00e9conomique, l\u2019enseignement (anglais, informatique, communication professionnelle) et le suivi de leurs diff\u00e9rents projets de vie.<\/p>\n<p>Certains se diront certainement\u00a0: mais quelle mouche l\u2019a piqu\u00e9\u00a0? C\u2019est vrai, ce n\u2019est pas ce que l\u2019on fait g\u00e9n\u00e9ralement quand on a fini ses \u00e9tudes. D\u2019autant plus qu\u2019entre les enjeux climatiques, \u00e9nerg\u00e9tiques, \u00e9conomiques et sociaux, le travail ne manque pas en France pour les jeunes ing\u00e9nieurs. Je suis persuad\u00e9 que dans un monde ou \u00ab\u00a0mondialisation\u00a0\u00bb est sur toutes les l\u00e8vres, partir dans un pays diff\u00e9rent, et vivre avec ses habitants \u2013 dans mon cas dans\u00a0un bidonville &#8211; est un apprentissage richissime que l\u2019on ne peut pas d\u00e9couvrir en restant chez soi. Abandonner ses rep\u00e8res, sortir de sa zone de confort et s\u2019int\u00e9grer dans une nouvelle culture impose une grande ouverture d\u2019esprit et certaines concessions qui permettent, il me semble, de se recentrer sur l\u2019essentiel. L\u2019avenir seul me le dira\u00a0!<\/p>\n<div class=\"penci-pullqoute align-none\">\n<blockquote><p>L&rsquo;inconnu est toujours s\u00e9duisant. <\/p>\n<div class=\"author\"><span>Jim Harison<\/span><\/div>\n<\/blockquote>\n<\/div>\n<h2>Mon partenaire\u00a0en Indon\u00e9sie<\/h2>\n<h3><a href=\"https:\/\/www.lp4y.org\/\">Life Project 4 Youth (LP4Y)<\/a><\/h3>\n<p>Life Project 4 Youth est une\u00a0organisation\u00a0100% d\u00e9di\u00e9e \u00e0 l\u2019int\u00e9gration de Jeunes issus de la grande pauvret\u00e9 et victimes d\u2019exclusion. Le pari consiste \u00e0 installer \u00e0 proximit\u00e9 des bidonvilles, des incubateurs de projets entrepreneuriaux, les Life Project Centers pour accompagner les Jeunes jusqu\u2019\u00e0 leur insertion professionnelle et sociale.<\/p>\n<p>Ces incubateurs rassemblement des\u00a0conditions favorables au d\u00e9veloppement des Projets de Vie\u00a0des Jeunes pour les amener \u00e0 l\u2019autonomie financi\u00e8re et sociale et les rendre \u00e0 leur tour\u00a0acteurs de d\u00e9veloppement dans leurs communaut\u00e9s.<\/p>\n<p>\u00c0 travers les microactivit\u00e9s \u00e9conomiques d\u00e9velopp\u00e9es par chaque Life Project Center et une\u00a0p\u00e9dagogie de coaching sp\u00e9cialement adapt\u00e9e,\u00a0les Jeunes exp\u00e9rimentent \u2013 en \u00e9quipe \u2013 la cr\u00e9ation, le d\u00e9veloppement et la gestion\u00a0d\u2019entreprise.<\/p>\n<p>Depuis le lancement de LP4Y en 2009, 1 851 jeunes ont \u00e9t\u00e9 accompagn\u00e9s dans 10 pays dont l\u2019Indon\u00e9sie, les Philippines, le Vietnam et l\u2019Inde. 85 % des jeunes sont dipl\u00f4m\u00e9s et 80% ont un travail d\u00e9cent.<\/p>\n<h2>Mon organisme d\u2019envoi\u00a0en France<\/h2>\n<h3><a href=\"http:\/\/ladcc.org\/\">La D\u00e9l\u00e9gation Catholique pour la Coop\u00e9ration<\/a><\/h3>\n<p>Agr\u00e9\u00e9e par l\u2019\u00c9tat et association reconnue d\u2019utilit\u00e9 publique, la DCC est le premier organisme de volontariat de solidarit\u00e9 internationale en France.<\/p>\n<p>La DCC accompagne chaque ann\u00e9e pr\u00e8s de 500 volontaires de tout profil, \u00e2ge et formation. Ils sont envoy\u00e9s sur des projets de d\u00e9veloppement men\u00e9s dans les pays du Sud et initi\u00e9s par des acteurs locaux.<\/p>\n","protected":false},"excerpt":{"rendered":"<p>En route pour 1 an \u00e0 Jakarta, capitale de l\u2019Indon\u00e9sie. Apr\u00e8s avoir d\u00e9croch\u00e9 avec panache mon&hellip;<\/p>\n","protected":false},"author":1,"featured_media":0,"parent":0,"menu_order":0,"comment_status":"open","ping_status":"open","template":"page-sidebar.php","meta":{"_editorskit_title_hidden":false,"_editorskit_reading_time":0,"_editorskit_is_block_options_detached":false,"_editorskit_block_options_position":"{}","jetpack_post_was_ever_published":false,"footnotes":""},"class_list":["post-1211","page","type-page","status-publish","hentry"],"yoast_head":"<!-- This site is optimized with the Yoast SEO plugin v24.6 - https:\/\/yoast.com\/wordpress\/plugins\/seo\/ -->\n<title>Mon projet &#8212; PRENDS TA DOSE<\/title>\n<meta name=\"description\" content=\"En route pour 1 an \u00e0 Jakarta, capitale de l\u2019Indon\u00e9sie ! Je pars en Volontariat de Solidarit\u00e9 Internationale (VSI), statut qui permet \u00e0 de jeunes fran\u00e7ais de partir avec une ONG dans un pays en voie de d\u00e9veloppement. J\u2019accompagnerai des jeunes des bidonvilles \u00e0 g\u00e9rer une activit\u00e9 \u00e9conomique afin de lutter contre l\u2019exclusion sociale par la r\u00e9insertion professionnelle !\" \/>\n<meta name=\"robots\" content=\"index, follow, max-snippet:-1, max-image-preview:large, max-video-preview:-1\" \/>\n<link rel=\"canonical\" href=\"https:\/\/www.prendstadose.fr\/index.php\/about-me\/\" \/>\n<meta property=\"og:locale\" content=\"fr_FR\" \/>\n<meta property=\"og:type\" content=\"article\" \/>\n<meta property=\"og:title\" content=\"Mon projet &#8212; PRENDS TA DOSE\" \/>\n<meta property=\"og:description\" content=\"En route pour 1 an \u00e0 Jakarta, capitale de l\u2019Indon\u00e9sie ! Je pars en Volontariat de Solidarit\u00e9 Internationale (VSI), statut qui permet \u00e0 de jeunes fran\u00e7ais de partir avec une ONG dans un pays en voie de d\u00e9veloppement. J\u2019accompagnerai des jeunes des bidonvilles \u00e0 g\u00e9rer une activit\u00e9 \u00e9conomique afin de lutter contre l\u2019exclusion sociale par la r\u00e9insertion professionnelle !\" \/>\n<meta property=\"og:url\" content=\"https:\/\/www.prendstadose.fr\/index.php\/about-me\/\" \/>\n<meta property=\"og:site_name\" content=\"PRENDS TA DOSE\" \/>\n<meta property=\"article:publisher\" content=\"https:\/\/www.facebook.com\/BrigadeSansFrontieres\/\" \/>\n<meta property=\"article:modified_time\" content=\"2019-08-21T10:03:59+00:00\" \/>\n<meta property=\"og:image\" content=\"https:\/\/www.bsf.ovh\/wp-content\/uploads\/2019\/08\/unnamed-1-1024x768.jpg\" \/>\n<meta name=\"twitter:card\" content=\"summary_large_image\" \/>\n<meta name=\"twitter:label1\" content=\"Dur\u00e9e de lecture estim\u00e9e\" \/>\n\t<meta name=\"twitter:data1\" content=\"3 minutes\" \/>\n<script type=\"application\/ld+json\" class=\"yoast-schema-graph\">{\"@context\":\"https:\/\/schema.org\",\"@graph\":[{\"@type\":\"WebPage\",\"@id\":\"https:\/\/www.prendstadose.fr\/index.php\/about-me\/\",\"url\":\"https:\/\/www.prendstadose.fr\/index.php\/about-me\/\",\"name\":\"Mon projet &#8212; PRENDS TA DOSE\",\"isPartOf\":{\"@id\":\"https:\/\/www.prendstadose.fr\/#website\"},\"primaryImageOfPage\":{\"@id\":\"https:\/\/www.prendstadose.fr\/index.php\/about-me\/#primaryimage\"},\"image\":{\"@id\":\"https:\/\/www.prendstadose.fr\/index.php\/about-me\/#primaryimage\"},\"thumbnailUrl\":\"https:\/\/www.bsf.ovh\/wp-content\/uploads\/2019\/08\/unnamed-1-1024x768.jpg\",\"datePublished\":\"2015-05-21T12:41:40+00:00\",\"dateModified\":\"2019-08-21T10:03:59+00:00\",\"description\":\"En route pour 1 an \u00e0 Jakarta, capitale de l\u2019Indon\u00e9sie ! Je pars en Volontariat de Solidarit\u00e9 Internationale (VSI), statut qui permet \u00e0 de jeunes fran\u00e7ais de partir avec une ONG dans un pays en voie de d\u00e9veloppement. J\u2019accompagnerai des jeunes des bidonvilles \u00e0 g\u00e9rer une activit\u00e9 \u00e9conomique afin de lutter contre l\u2019exclusion sociale par la r\u00e9insertion professionnelle !\",\"breadcrumb\":{\"@id\":\"https:\/\/www.prendstadose.fr\/index.php\/about-me\/#breadcrumb\"},\"inLanguage\":\"fr-FR\",\"potentialAction\":[{\"@type\":\"ReadAction\",\"target\":[\"https:\/\/www.prendstadose.fr\/index.php\/about-me\/\"]}]},{\"@type\":\"ImageObject\",\"inLanguage\":\"fr-FR\",\"@id\":\"https:\/\/www.prendstadose.fr\/index.php\/about-me\/#primaryimage\",\"url\":\"https:\/\/www.bsf.ovh\/wp-content\/uploads\/2019\/08\/unnamed-1-1024x768.jpg\",\"contentUrl\":\"https:\/\/www.bsf.ovh\/wp-content\/uploads\/2019\/08\/unnamed-1-1024x768.jpg\"},{\"@type\":\"BreadcrumbList\",\"@id\":\"https:\/\/www.prendstadose.fr\/index.php\/about-me\/#breadcrumb\",\"itemListElement\":[{\"@type\":\"ListItem\",\"position\":1,\"name\":\"Accueil\",\"item\":\"https:\/\/www.prendstadose.fr\/\"},{\"@type\":\"ListItem\",\"position\":2,\"name\":\"Mon projet\"}]},{\"@type\":\"WebSite\",\"@id\":\"https:\/\/www.prendstadose.fr\/#website\",\"url\":\"https:\/\/www.prendstadose.fr\/\",\"name\":\"PRENDS TA DOSE\",\"description\":\"Capsule Culture Pour Analphab\u00e8tes Lettr\u00e9s\",\"publisher\":{\"@id\":\"https:\/\/www.prendstadose.fr\/#organization\"},\"potentialAction\":[{\"@type\":\"SearchAction\",\"target\":{\"@type\":\"EntryPoint\",\"urlTemplate\":\"https:\/\/www.prendstadose.fr\/?s={search_term_string}\"},\"query-input\":{\"@type\":\"PropertyValueSpecification\",\"valueRequired\":true,\"valueName\":\"search_term_string\"}}],\"inLanguage\":\"fr-FR\"},{\"@type\":\"Organization\",\"@id\":\"https:\/\/www.prendstadose.fr\/#organization\",\"name\":\"PrendsTaDose\",\"url\":\"https:\/\/www.prendstadose.fr\/\",\"logo\":{\"@type\":\"ImageObject\",\"inLanguage\":\"fr-FR\",\"@id\":\"https:\/\/www.prendstadose.fr\/#\/schema\/logo\/image\/\",\"url\":\"https:\/\/www.prendstadose.fr\/wp-content\/uploads\/2021\/08\/logo-e1641309847268.png\",\"contentUrl\":\"https:\/\/www.prendstadose.fr\/wp-content\/uploads\/2021\/08\/logo-e1641309847268.png\",\"width\":400,\"height\":406,\"caption\":\"PrendsTaDose\"},\"image\":{\"@id\":\"https:\/\/www.prendstadose.fr\/#\/schema\/logo\/image\/\"},\"sameAs\":[\"https:\/\/www.facebook.com\/BrigadeSansFrontieres\/\",\"https:\/\/www.instagram.com\/romain_mailliu\/\"]}]}<\/script>\n<!-- \/ Yoast SEO plugin. -->","yoast_head_json":{"title":"Mon projet &#8212; PRENDS TA DOSE","description":"En route pour 1 an \u00e0 Jakarta, capitale de l\u2019Indon\u00e9sie ! Je pars en Volontariat de Solidarit\u00e9 Internationale (VSI), statut qui permet \u00e0 de jeunes fran\u00e7ais de partir avec une ONG dans un pays en voie de d\u00e9veloppement. J\u2019accompagnerai des jeunes des bidonvilles \u00e0 g\u00e9rer une activit\u00e9 \u00e9conomique afin de lutter contre l\u2019exclusion sociale par la r\u00e9insertion professionnelle !","robots":{"index":"index","follow":"follow","max-snippet":"max-snippet:-1","max-image-preview":"max-image-preview:large","max-video-preview":"max-video-preview:-1"},"canonical":"https:\/\/www.prendstadose.fr\/index.php\/about-me\/","og_locale":"fr_FR","og_type":"article","og_title":"Mon projet &#8212; PRENDS TA DOSE","og_description":"En route pour 1 an \u00e0 Jakarta, capitale de l\u2019Indon\u00e9sie ! Je pars en Volontariat de Solidarit\u00e9 Internationale (VSI), statut qui permet \u00e0 de jeunes fran\u00e7ais de partir avec une ONG dans un pays en voie de d\u00e9veloppement. J\u2019accompagnerai des jeunes des bidonvilles \u00e0 g\u00e9rer une activit\u00e9 \u00e9conomique afin de lutter contre l\u2019exclusion sociale par la r\u00e9insertion professionnelle !","og_url":"https:\/\/www.prendstadose.fr\/index.php\/about-me\/","og_site_name":"PRENDS TA DOSE","article_publisher":"https:\/\/www.facebook.com\/BrigadeSansFrontieres\/","article_modified_time":"2019-08-21T10:03:59+00:00","og_image":[{"url":"https:\/\/www.bsf.ovh\/wp-content\/uploads\/2019\/08\/unnamed-1-1024x768.jpg","type":"","width":"","height":""}],"twitter_card":"summary_large_image","twitter_misc":{"Dur\u00e9e de lecture estim\u00e9e":"3 minutes"},"schema":{"@context":"https:\/\/schema.org","@graph":[{"@type":"WebPage","@id":"https:\/\/www.prendstadose.fr\/index.php\/about-me\/","url":"https:\/\/www.prendstadose.fr\/index.php\/about-me\/","name":"Mon projet &#8212; PRENDS TA DOSE","isPartOf":{"@id":"https:\/\/www.prendstadose.fr\/#website"},"primaryImageOfPage":{"@id":"https:\/\/www.prendstadose.fr\/index.php\/about-me\/#primaryimage"},"image":{"@id":"https:\/\/www.prendstadose.fr\/index.php\/about-me\/#primaryimage"},"thumbnailUrl":"https:\/\/www.bsf.ovh\/wp-content\/uploads\/2019\/08\/unnamed-1-1024x768.jpg","datePublished":"2015-05-21T12:41:40+00:00","dateModified":"2019-08-21T10:03:59+00:00","description":"En route pour 1 an \u00e0 Jakarta, capitale de l\u2019Indon\u00e9sie ! Je pars en Volontariat de Solidarit\u00e9 Internationale (VSI), statut qui permet \u00e0 de jeunes fran\u00e7ais de partir avec une ONG dans un pays en voie de d\u00e9veloppement. J\u2019accompagnerai des jeunes des bidonvilles \u00e0 g\u00e9rer une activit\u00e9 \u00e9conomique afin de lutter contre l\u2019exclusion sociale par la r\u00e9insertion professionnelle !","breadcrumb":{"@id":"https:\/\/www.prendstadose.fr\/index.php\/about-me\/#breadcrumb"},"inLanguage":"fr-FR","potentialAction":[{"@type":"ReadAction","target":["https:\/\/www.prendstadose.fr\/index.php\/about-me\/"]}]},{"@type":"ImageObject","inLanguage":"fr-FR","@id":"https:\/\/www.prendstadose.fr\/index.php\/about-me\/#primaryimage","url":"https:\/\/www.bsf.ovh\/wp-content\/uploads\/2019\/08\/unnamed-1-1024x768.jpg","contentUrl":"https:\/\/www.bsf.ovh\/wp-content\/uploads\/2019\/08\/unnamed-1-1024x768.jpg"},{"@type":"BreadcrumbList","@id":"https:\/\/www.prendstadose.fr\/index.php\/about-me\/#breadcrumb","itemListElement":[{"@type":"ListItem","position":1,"name":"Accueil","item":"https:\/\/www.prendstadose.fr\/"},{"@type":"ListItem","position":2,"name":"Mon projet"}]},{"@type":"WebSite","@id":"https:\/\/www.prendstadose.fr\/#website","url":"https:\/\/www.prendstadose.fr\/","name":"PRENDS TA DOSE","description":"Capsule Culture Pour Analphab\u00e8tes Lettr\u00e9s","publisher":{"@id":"https:\/\/www.prendstadose.fr\/#organization"},"potentialAction":[{"@type":"SearchAction","target":{"@type":"EntryPoint","urlTemplate":"https:\/\/www.prendstadose.fr\/?s={search_term_string}"},"query-input":{"@type":"PropertyValueSpecification","valueRequired":true,"valueName":"search_term_string"}}],"inLanguage":"fr-FR"},{"@type":"Organization","@id":"https:\/\/www.prendstadose.fr\/#organization","name":"PrendsTaDose","url":"https:\/\/www.prendstadose.fr\/","logo":{"@type":"ImageObject","inLanguage":"fr-FR","@id":"https:\/\/www.prendstadose.fr\/#\/schema\/logo\/image\/","url":"https:\/\/www.prendstadose.fr\/wp-content\/uploads\/2021\/08\/logo-e1641309847268.png","contentUrl":"https:\/\/www.prendstadose.fr\/wp-content\/uploads\/2021\/08\/logo-e1641309847268.png","width":400,"height":406,"caption":"PrendsTaDose"},"image":{"@id":"https:\/\/www.prendstadose.fr\/#\/schema\/logo\/image\/"},"sameAs":["https:\/\/www.facebook.com\/BrigadeSansFrontieres\/","https:\/\/www.instagram.com\/romain_mailliu\/"]}]}},"jetpack_sharing_enabled":true,"_links":{"self":[{"href":"https:\/\/www.prendstadose.fr\/index.php\/wp-json\/wp\/v2\/pages\/1211","targetHints":{"allow":["GET"]}}],"collection":[{"href":"https:\/\/www.prendstadose.fr\/index.php\/wp-json\/wp\/v2\/pages"}],"about":[{"href":"https:\/\/www.prendstadose.fr\/index.php\/wp-json\/wp\/v2\/types\/page"}],"author":[{"embeddable":true,"href":"https:\/\/www.prendstadose.fr\/index.php\/wp-json\/wp\/v2\/users\/1"}],"replies":[{"embeddable":true,"href":"https:\/\/www.prendstadose.fr\/index.php\/wp-json\/wp\/v2\/comments?post=1211"}],"version-history":[{"count":4,"href":"https:\/\/www.prendstadose.fr\/index.php\/wp-json\/wp\/v2\/pages\/1211\/revisions"}],"predecessor-version":[{"id":1506,"href":"https:\/\/www.prendstadose.fr\/index.php\/wp-json\/wp\/v2\/pages\/1211\/revisions\/1506"}],"wp:attachment":[{"href":"https:\/\/www.prendstadose.fr\/index.php\/wp-json\/wp\/v2\/media?parent=1211"}],"curies":[{"name":"wp","href":"https:\/\/api.w.org\/{rel}","templated":true}]}}