{"id":1745,"date":"2019-11-17T06:00:03","date_gmt":"2019-11-17T05:00:03","guid":{"rendered":"https:\/\/www.bsf.ovh\/?page_id=1745"},"modified":"2020-01-08T12:03:14","modified_gmt":"2020-01-08T11:03:14","slug":"photographies","status":"publish","type":"page","link":"https:\/\/www.prendstadose.fr\/index.php\/photographies\/","title":{"rendered":"PHOTOGRAPHIES"},"content":{"rendered":"<h2><img loading=\"lazy\" decoding=\"async\" class=\"aligncenter wp-image-1746 size-large\" src=\"https:\/\/www.bsf.ovh\/wp-content\/uploads\/2019\/11\/unnamed-1024x683.jpg\" alt=\"Dune du Pilat \" width=\"1024\" height=\"683\" srcset=\"https:\/\/www.prendstadose.fr\/wp-content\/uploads\/2019\/11\/unnamed-1024x683.jpg 1024w, https:\/\/www.prendstadose.fr\/wp-content\/uploads\/2019\/11\/unnamed-300x200.jpg 300w, https:\/\/www.prendstadose.fr\/wp-content\/uploads\/2019\/11\/unnamed-768x512.jpg 768w, https:\/\/www.prendstadose.fr\/wp-content\/uploads\/2019\/11\/unnamed-1536x1025.jpg 1536w, https:\/\/www.prendstadose.fr\/wp-content\/uploads\/2019\/11\/unnamed-2048x1366.jpg 2048w, https:\/\/www.prendstadose.fr\/wp-content\/uploads\/2019\/11\/unnamed-1170x780.jpg 1170w, https:\/\/www.prendstadose.fr\/wp-content\/uploads\/2019\/11\/unnamed-1920x1281.jpg 1920w, https:\/\/www.prendstadose.fr\/wp-content\/uploads\/2019\/11\/unnamed-585x390.jpg 585w, https:\/\/www.prendstadose.fr\/wp-content\/uploads\/2019\/11\/unnamed-263x175.jpg 263w\" sizes=\"auto, (max-width: 1024px) 100vw, 1024px\" \/><\/h2>\n<h2><\/h2>\n<p>&nbsp;<\/p>\n<h2 style=\"text-align: center;\">\n<div class=\"penci-pullqoute align-none\">\n<blockquote><p>\u201cLa photographie est la litt\u00e9rature de l&rsquo;oeil<span class=\"s1\">.\u00a0\u00bb<\/span><\/p>\n<div class=\"author\"><span>Remy Donnadieu<\/span><\/div>\n<\/blockquote>\n<\/div>\n<\/h2>\n<p>&nbsp;<\/p>\n<h2><\/h2>\n<h2>Les photographies d\u00e9j\u00e0 disponibles :<\/h2>\n<ul>\n<li>\n<h3><a href=\"https:\/\/www.bsf.ovh\/index.php\/indonesie-cilincing\/\">Cilincing &#8211; Indon\u00e9sie\u00a0<\/a><\/h3>\n<\/li>\n<li>\n<h3><a href=\"https:\/\/www.bsf.ovh\/index.php\/philippines-green-village\/\">Green Village &#8211; Philippines<\/a><\/h3>\n<\/li>\n<li>\n<h3><a href=\"https:\/\/www.bsf.ovh\/index.php\/philippines-manille\/\">Manille &#8211; Philippines<\/a><\/h3>\n<\/li>\n<\/ul>\n","protected":false},"excerpt":{"rendered":"<p>&nbsp; &nbsp; Les photographies d\u00e9j\u00e0 disponibles : Cilincing &#8211; Indon\u00e9sie\u00a0 Green Village &#8211; Philippines Manille &#8211;&hellip;<\/p>\n","protected":false},"author":1,"featured_media":0,"parent":0,"menu_order":0,"comment_status":"closed","ping_status":"closed","template":"","meta":{"_editorskit_title_hidden":false,"_editorskit_reading_time":0,"_editorskit_is_block_options_detached":false,"_editorskit_block_options_position":"{}","jetpack_post_was_ever_published":false,"footnotes":""},"class_list":["post-1745","page","type-page","status-publish","hentry"],"yoast_head":"<!-- This site is optimized with the Yoast SEO plugin v24.6 - https:\/\/yoast.com\/wordpress\/plugins\/seo\/ -->\n<title>PHOTOGRAPHIES &#8212; PRENDS TA DOSE<\/title>\n<meta name=\"description\" content=\"D\u00e9couvrez les photographies de BSF.\" \/>\n<meta name=\"robots\" content=\"index, follow, max-snippet:-1, max-image-preview:large, max-video-preview:-1\" \/>\n<link rel=\"canonical\" href=\"https:\/\/www.prendstadose.fr\/index.php\/photographies\/\" \/>\n<meta property=\"og:locale\" content=\"fr_FR\" \/>\n<meta property=\"og:type\" content=\"article\" \/>\n<meta property=\"og:title\" content=\"PHOTOGRAPHIES &#8212; PRENDS TA DOSE\" \/>\n<meta property=\"og:description\" content=\"D\u00e9couvrez les photographies de BSF.\" \/>\n<meta property=\"og:url\" content=\"https:\/\/www.prendstadose.fr\/index.php\/photographies\/\" \/>\n<meta property=\"og:site_name\" content=\"PRENDS TA DOSE\" \/>\n<meta property=\"article:publisher\" content=\"https:\/\/www.facebook.com\/BrigadeSansFrontieres\/\" \/>\n<meta property=\"article:modified_time\" content=\"2020-01-08T11:03:14+00:00\" \/>\n<meta property=\"og:image\" content=\"https:\/\/www.bsf.ovh\/wp-content\/uploads\/2019\/11\/unnamed-1024x683.jpg\" \/>\n<meta name=\"twitter:card\" content=\"summary_large_image\" \/>\n<script type=\"application\/ld+json\" class=\"yoast-schema-graph\">{\"@context\":\"https:\/\/schema.org\",\"@graph\":[{\"@type\":\"WebPage\",\"@id\":\"https:\/\/www.prendstadose.fr\/index.php\/photographies\/\",\"url\":\"https:\/\/www.prendstadose.fr\/index.php\/photographies\/\",\"name\":\"PHOTOGRAPHIES &#8212; PRENDS TA DOSE\",\"isPartOf\":{\"@id\":\"https:\/\/www.prendstadose.fr\/#website\"},\"primaryImageOfPage\":{\"@id\":\"https:\/\/www.prendstadose.fr\/index.php\/photographies\/#primaryimage\"},\"image\":{\"@id\":\"https:\/\/www.prendstadose.fr\/index.php\/photographies\/#primaryimage\"},\"thumbnailUrl\":\"https:\/\/www.bsf.ovh\/wp-content\/uploads\/2019\/11\/unnamed-1024x683.jpg\",\"datePublished\":\"2019-11-17T05:00:03+00:00\",\"dateModified\":\"2020-01-08T11:03:14+00:00\",\"description\":\"D\u00e9couvrez les photographies de BSF.\",\"breadcrumb\":{\"@id\":\"https:\/\/www.prendstadose.fr\/index.php\/photographies\/#breadcrumb\"},\"inLanguage\":\"fr-FR\",\"potentialAction\":[{\"@type\":\"ReadAction\",\"target\":[\"https:\/\/www.prendstadose.fr\/index.php\/photographies\/\"]}]},{\"@type\":\"ImageObject\",\"inLanguage\":\"fr-FR\",\"@id\":\"https:\/\/www.prendstadose.fr\/index.php\/photographies\/#primaryimage\",\"url\":\"https:\/\/www.bsf.ovh\/wp-content\/uploads\/2019\/11\/unnamed-1024x683.jpg\",\"contentUrl\":\"https:\/\/www.bsf.ovh\/wp-content\/uploads\/2019\/11\/unnamed-1024x683.jpg\"},{\"@type\":\"BreadcrumbList\",\"@id\":\"https:\/\/www.prendstadose.fr\/index.php\/photographies\/#breadcrumb\",\"itemListElement\":[{\"@type\":\"ListItem\",\"position\":1,\"name\":\"Accueil\",\"item\":\"https:\/\/www.prendstadose.fr\/\"},{\"@type\":\"ListItem\",\"position\":2,\"name\":\"PHOTOGRAPHIES\"}]},{\"@type\":\"WebSite\",\"@id\":\"https:\/\/www.prendstadose.fr\/#website\",\"url\":\"https:\/\/www.prendstadose.fr\/\",\"name\":\"PRENDS TA DOSE\",\"description\":\"Capsule Culture Pour Analphab\u00e8tes Lettr\u00e9s\",\"publisher\":{\"@id\":\"https:\/\/www.prendstadose.fr\/#organization\"},\"potentialAction\":[{\"@type\":\"SearchAction\",\"target\":{\"@type\":\"EntryPoint\",\"urlTemplate\":\"https:\/\/www.prendstadose.fr\/?s={search_term_string}\"},\"query-input\":{\"@type\":\"PropertyValueSpecification\",\"valueRequired\":true,\"valueName\":\"search_term_string\"}}],\"inLanguage\":\"fr-FR\"},{\"@type\":\"Organization\",\"@id\":\"https:\/\/www.prendstadose.fr\/#organization\",\"name\":\"PrendsTaDose\",\"url\":\"https:\/\/www.prendstadose.fr\/\",\"logo\":{\"@type\":\"ImageObject\",\"inLanguage\":\"fr-FR\",\"@id\":\"https:\/\/www.prendstadose.fr\/#\/schema\/logo\/image\/\",\"url\":\"https:\/\/www.prendstadose.fr\/wp-content\/uploads\/2021\/08\/logo-e1641309847268.png\",\"contentUrl\":\"https:\/\/www.prendstadose.fr\/wp-content\/uploads\/2021\/08\/logo-e1641309847268.png\",\"width\":400,\"height\":406,\"caption\":\"PrendsTaDose\"},\"image\":{\"@id\":\"https:\/\/www.prendstadose.fr\/#\/schema\/logo\/image\/\"},\"sameAs\":[\"https:\/\/www.facebook.com\/BrigadeSansFrontieres\/\",\"https:\/\/www.instagram.com\/romain_mailliu\/\"]}]}<\/script>\n<!-- \/ Yoast SEO plugin. -->","yoast_head_json":{"title":"PHOTOGRAPHIES &#8212; PRENDS TA DOSE","description":"D\u00e9couvrez les photographies de BSF.","robots":{"index":"index","follow":"follow","max-snippet":"max-snippet:-1","max-image-preview":"max-image-preview:large","max-video-preview":"max-video-preview:-1"},"canonical":"https:\/\/www.prendstadose.fr\/index.php\/photographies\/","og_locale":"fr_FR","og_type":"article","og_title":"PHOTOGRAPHIES &#8212; PRENDS TA DOSE","og_description":"D\u00e9couvrez les photographies de BSF.","og_url":"https:\/\/www.prendstadose.fr\/index.php\/photographies\/","og_site_name":"PRENDS TA DOSE","article_publisher":"https:\/\/www.facebook.com\/BrigadeSansFrontieres\/","article_modified_time":"2020-01-08T11:03:14+00:00","og_image":[{"url":"https:\/\/www.bsf.ovh\/wp-content\/uploads\/2019\/11\/unnamed-1024x683.jpg","type":"","width":"","height":""}],"twitter_card":"summary_large_image","schema":{"@context":"https:\/\/schema.org","@graph":[{"@type":"WebPage","@id":"https:\/\/www.prendstadose.fr\/index.php\/photographies\/","url":"https:\/\/www.prendstadose.fr\/index.php\/photographies\/","name":"PHOTOGRAPHIES &#8212; PRENDS TA DOSE","isPartOf":{"@id":"https:\/\/www.prendstadose.fr\/#website"},"primaryImageOfPage":{"@id":"https:\/\/www.prendstadose.fr\/index.php\/photographies\/#primaryimage"},"image":{"@id":"https:\/\/www.prendstadose.fr\/index.php\/photographies\/#primaryimage"},"thumbnailUrl":"https:\/\/www.bsf.ovh\/wp-content\/uploads\/2019\/11\/unnamed-1024x683.jpg","datePublished":"2019-11-17T05:00:03+00:00","dateModified":"2020-01-08T11:03:14+00:00","description":"D\u00e9couvrez les photographies de BSF.","breadcrumb":{"@id":"https:\/\/www.prendstadose.fr\/index.php\/photographies\/#breadcrumb"},"inLanguage":"fr-FR","potentialAction":[{"@type":"ReadAction","target":["https:\/\/www.prendstadose.fr\/index.php\/photographies\/"]}]},{"@type":"ImageObject","inLanguage":"fr-FR","@id":"https:\/\/www.prendstadose.fr\/index.php\/photographies\/#primaryimage","url":"https:\/\/www.bsf.ovh\/wp-content\/uploads\/2019\/11\/unnamed-1024x683.jpg","contentUrl":"https:\/\/www.bsf.ovh\/wp-content\/uploads\/2019\/11\/unnamed-1024x683.jpg"},{"@type":"BreadcrumbList","@id":"https:\/\/www.prendstadose.fr\/index.php\/photographies\/#breadcrumb","itemListElement":[{"@type":"ListItem","position":1,"name":"Accueil","item":"https:\/\/www.prendstadose.fr\/"},{"@type":"ListItem","position":2,"name":"PHOTOGRAPHIES"}]},{"@type":"WebSite","@id":"https:\/\/www.prendstadose.fr\/#website","url":"https:\/\/www.prendstadose.fr\/","name":"PRENDS TA DOSE","description":"Capsule Culture Pour Analphab\u00e8tes Lettr\u00e9s","publisher":{"@id":"https:\/\/www.prendstadose.fr\/#organization"},"potentialAction":[{"@type":"SearchAction","target":{"@type":"EntryPoint","urlTemplate":"https:\/\/www.prendstadose.fr\/?s={search_term_string}"},"query-input":{"@type":"PropertyValueSpecification","valueRequired":true,"valueName":"search_term_string"}}],"inLanguage":"fr-FR"},{"@type":"Organization","@id":"https:\/\/www.prendstadose.fr\/#organization","name":"PrendsTaDose","url":"https:\/\/www.prendstadose.fr\/","logo":{"@type":"ImageObject","inLanguage":"fr-FR","@id":"https:\/\/www.prendstadose.fr\/#\/schema\/logo\/image\/","url":"https:\/\/www.prendstadose.fr\/wp-content\/uploads\/2021\/08\/logo-e1641309847268.png","contentUrl":"https:\/\/www.prendstadose.fr\/wp-content\/uploads\/2021\/08\/logo-e1641309847268.png","width":400,"height":406,"caption":"PrendsTaDose"},"image":{"@id":"https:\/\/www.prendstadose.fr\/#\/schema\/logo\/image\/"},"sameAs":["https:\/\/www.facebook.com\/BrigadeSansFrontieres\/","https:\/\/www.instagram.com\/romain_mailliu\/"]}]}},"jetpack_sharing_enabled":true,"_links":{"self":[{"href":"https:\/\/www.prendstadose.fr\/index.php\/wp-json\/wp\/v2\/pages\/1745","targetHints":{"allow":["GET"]}}],"collection":[{"href":"https:\/\/www.prendstadose.fr\/index.php\/wp-json\/wp\/v2\/pages"}],"about":[{"href":"https:\/\/www.prendstadose.fr\/index.php\/wp-json\/wp\/v2\/types\/page"}],"author":[{"embeddable":true,"href":"https:\/\/www.prendstadose.fr\/index.php\/wp-json\/wp\/v2\/users\/1"}],"replies":[{"embeddable":true,"href":"https:\/\/www.prendstadose.fr\/index.php\/wp-json\/wp\/v2\/comments?post=1745"}],"version-history":[{"count":6,"href":"https:\/\/www.prendstadose.fr\/index.php\/wp-json\/wp\/v2\/pages\/1745\/revisions"}],"predecessor-version":[{"id":2164,"href":"https:\/\/www.prendstadose.fr\/index.php\/wp-json\/wp\/v2\/pages\/1745\/revisions\/2164"}],"wp:attachment":[{"href":"https:\/\/www.prendstadose.fr\/index.php\/wp-json\/wp\/v2\/media?parent=1745"}],"curies":[{"name":"wp","href":"https:\/\/api.w.org\/{rel}","templated":true}]}}