{"id":1752,"date":"2019-11-17T07:37:09","date_gmt":"2019-11-17T06:37:09","guid":{"rendered":"https:\/\/www.bsf.ovh\/?page_id=1752"},"modified":"2020-01-08T12:13:34","modified_gmt":"2020-01-08T11:13:34","slug":"le-projet-bsf","status":"publish","type":"page","link":"https:\/\/www.prendstadose.fr\/index.php\/le-projet-bsf\/","title":{"rendered":"Le projet BSF"},"content":{"rendered":"<h2><span style=\"font-size: 24pt;\"><b>BSF, c\u2019est quoi ?<\/b><\/span><\/h2>\n<p><span style=\"font-weight: 400; font-size: 14pt;\">Une communaut\u00e9 de photographes, auteurs, r\u00eaveurs, explorateurs qui sortent des sentiers battus le temps d\u2019un weekend, de quelques mois ou de plusieurs ann\u00e9es, avides de rencontres, de solitude, de d\u00e9couvertes et de remises en question.<\/span><\/p>\n<p>&nbsp;<\/p>\n<p><span style=\"font-size: 18pt;\"><b>Avec une seule id\u00e9e en t\u00eate : partir \u00e0 l\u2019aventure pour se reconnecter \u00e0 l\u2019essentiel !\u00a0<\/b><\/span><\/p>\n<p>&nbsp;<\/p>\n<p><span style=\"font-weight: 400; font-size: 14pt;\">Au fil des ann\u00e9es, les supports de communication ont \u00e9volu\u00e9 avec :<\/span><\/p>\n<ul>\n<li style=\"font-weight: 400;\"><span style=\"font-size: 14pt;\"><a href=\"https:\/\/mc.us3.list-manage.com\/pages\/track\/click?u=77aed09244600197b47dbc9ca&amp;id=cd00d5e2b6\"><span style=\"font-weight: 400;\">Une page facebook,<\/span><\/a><span style=\"font-weight: 400;\"> qui retrace nos aventures depuis 2017 en Am\u00e9rique, en Europe, en Asie et sur les Oc\u00e9ans. Elle cumule d\u00e9j\u00e0 plus de 1 200 abonn\u00e9s.<\/span><\/span><\/li>\n<li style=\"font-weight: 400;\"><span style=\"font-size: 14pt;\"><a href=\"https:\/\/www.instagram.com\/bsfmagazine\/\"><span style=\"font-weight: 400;\">Un compte Instagram <\/span><\/a><span style=\"font-weight: 400;\">\u00a0qui expose les photos tir\u00e9es de nos diff\u00e9rents voyages.<\/span><\/span><\/li>\n<li style=\"font-weight: 400;\"><span style=\"font-size: 14pt;\"><a href=\"https:\/\/mc.us3.list-manage.com\/pages\/track\/click?u=77aed09244600197b47dbc9ca&amp;id=47b49258d6\"><span style=\"font-weight: 400;\">Un site internet<\/span><\/a><span style=\"font-weight: 400;\"> depuis ao\u00fbt 2019, qui regroupe les articles de nos diff\u00e9rents contributeurs.\u00a0<\/span><\/span><\/li>\n<\/ul>\n<h6><\/h6>\n<h6><span style=\"font-size: 14pt;\"><b>Aujourd\u2019hui, nous sommes\u00a0 4 contributeurs r\u00e9guliers : <a href=\"https:\/\/www.bsf.ovh\/index.php\/edmond-moralis-chroniques\/?fbclid=IwAR3xU1nnZwqnEt4klHMNGN7qmISgfbu5m6ABUrpKRpA9Nj1UaXy6WC0GNoo\">Edmond Moralis<\/a>, <a href=\"https:\/\/www.bsf.ovh\/index.php\/tibovski-dessin-de-la-quinzaine\/\">Tibovski<\/a>, Vasco et <a href=\"https:\/\/www.instagram.com\/romain_mailliu\/\">Romain<\/a> ; et une multitude de contributeurs ponctuelles, de tous horizon, qui nous partagent leurs tribunes.<\/b><\/span><\/h6>\n<div id=\"attachment_1766\" style=\"width: 610px\" class=\"wp-caption aligncenter\"><a href=\"https:\/\/www.instagram.com\/tibovski\/?igshid=1by89jcto31fn&amp;fbclid=IwAR2O0yTczG44MyXC7Ljckbu0dSjGrNEiFsvAWEpNn0mc2dU3fX1F_lK1XcE\"><img loading=\"lazy\" decoding=\"async\" aria-describedby=\"caption-attachment-1766\" class=\"wp-image-1766\" src=\"https:\/\/www.bsf.ovh\/wp-content\/uploads\/2019\/11\/76720870_579606439248886_8175550112852869120_n-300x300.jpg\" alt=\"BSF\" width=\"600\" height=\"600\" srcset=\"https:\/\/www.prendstadose.fr\/wp-content\/uploads\/2019\/11\/76720870_579606439248886_8175550112852869120_n-300x300.jpg 300w, https:\/\/www.prendstadose.fr\/wp-content\/uploads\/2019\/11\/76720870_579606439248886_8175550112852869120_n-1024x1024.jpg 1024w, https:\/\/www.prendstadose.fr\/wp-content\/uploads\/2019\/11\/76720870_579606439248886_8175550112852869120_n-150x150.jpg 150w, https:\/\/www.prendstadose.fr\/wp-content\/uploads\/2019\/11\/76720870_579606439248886_8175550112852869120_n-768x768.jpg 768w, https:\/\/www.prendstadose.fr\/wp-content\/uploads\/2019\/11\/76720870_579606439248886_8175550112852869120_n-1536x1536.jpg 1536w, https:\/\/www.prendstadose.fr\/wp-content\/uploads\/2019\/11\/76720870_579606439248886_8175550112852869120_n-2048x2048.jpg 2048w, https:\/\/www.prendstadose.fr\/wp-content\/uploads\/2019\/11\/76720870_579606439248886_8175550112852869120_n-1170x1170.jpg 1170w, https:\/\/www.prendstadose.fr\/wp-content\/uploads\/2019\/11\/76720870_579606439248886_8175550112852869120_n-1920x1920.jpg 1920w, https:\/\/www.prendstadose.fr\/wp-content\/uploads\/2019\/11\/76720870_579606439248886_8175550112852869120_n-585x585.jpg 585w, https:\/\/www.prendstadose.fr\/wp-content\/uploads\/2019\/11\/76720870_579606439248886_8175550112852869120_n-640x640.jpg 640w\" sizes=\"auto, (max-width: 600px) 100vw, 600px\" \/><\/a><p id=\"caption-attachment-1766\" class=\"wp-caption-text\">Dessin r\u00e9alis\u00e9 par Tibovski<\/p><\/div>\n<h2><\/h2>\n<h2><span style=\"font-size: 24pt;\"><b>L\u2019origine du projet, de la Brigade \u00e0 BSF<\/b><\/span><\/h2>\n<p>&nbsp;<\/p>\n<h4><span style=\"font-size: 18pt;\"><strong>Tous projets collectifs commencent par une rencontre.<\/strong><\/span><\/h4>\n<p><span style=\"font-weight: 400; font-size: 14pt;\"> BSF n\u2019y \u00e9chappe pas. Un beau matin du mois de septembre 2015, Hugues rallie Lieusaint pour rejoindre en deuxi\u00e8me ann\u00e9e d\u2019\u00e9cole d\u2019ing\u00e9nieur la bande S\u00e9nartaise de l\u2019Icam. On pourrait le croire perdu telle une sardine au milieu d\u2019un banc de barracuda, mais ce ne serait pas conna\u00eetre Hugues, le fou de Bassan. Habitu\u00e9 \u00e0 c\u00f4toyer poisson, dauphin et requin dans l\u2019oc\u00e9an du monde, Hugues se lie aussi bien avec les gentils crustac\u00e9s qu\u2019avec la pire mammif\u00e8res.<\/span><\/p>\n<p>&nbsp;<\/p>\n<h4><span style=\"font-size: 18pt;\"><strong>L&rsquo;oeil de Shiva<\/strong><\/span><\/h4>\n<p><span style=\"font-weight: 400; font-size: 14pt;\">Romain quant \u00e0 lui est \u00e0 S\u00e9nart pour commencer une deuxi\u00e8me ann\u00e9e d\u2019\u00e9cole d\u2019ing\u00e9nieur. Il appr\u00e9hende un peu cette rentr\u00e9e car son coll\u00e8gue de tous les mauvais coups est parti s\u2019exiler en Inde \u00e0 la recherche du troisi\u00e8me \u0153il de Shiva, la perception transcendante. Romain se retrouve tr\u00e8s vite \u00e0 c\u00f4toyer Hugues. En tant qu\u2019exportateur\/chercheur, le comportement du fou de Bassan le fascine. Tr\u00e8s vite, les deux compagnons d\u00e9passeront leur condition d\u2019\u00e9tudiant\/\u00e9tudi\u00e9 pour former une \u00e9quipe : la Brigade. <\/span><\/p>\n<p><span style=\"font-weight: 400; font-size: 14pt;\">Jean, malgr\u00e9 son d\u00e9part en Inde &#8211; et malgr\u00e9 lui ? &#8211; se retrouve associ\u00e9 au projet. Il s\u2019efforcera de faire rayonner la Brigade \u00e0 l\u2019international, sans grand succ\u00e8s. Le collectif devait d\u2019abord se construire une identit\u00e9 en France avant d\u2019exporter son art de vivre dans le monde entier.\u00a0<\/span><\/p>\n<h4><\/h4>\n<p>&nbsp;<\/p>\n<h4><span style=\"font-size: 18pt;\"><strong>Quand la musique est bonne !\u00a0<\/strong><\/span><\/h4>\n<p><span style=\"font-weight: 400; font-size: 14pt;\">Apr\u00e8s le retour de Jean en 2016, la Brigade continue de v\u00e9hiculer son message dans des actions coup de poing, mais aussi avec des projets construits. Les trois comp\u00e8res cherchent un moyen plus efficace pour transmettre leur message. Un nouveau brigadier appara\u00eet,\u00a0 Alexandre (FAVA), et suite \u00e0 l&rsquo;effervescence musicale qu\u2019il suscite sur internet &#8211; Alexandre pratique le rap \u00e9mo-pop &#8211; la Brigade trouve un moyen d\u2019expression dans la musique.<\/span><\/p>\n<p>&nbsp;<\/p>\n<p><span style=\"font-size: 14pt;\"><strong>D\u00e9couvrez le dernier project musical d&rsquo;Alexandre, \u00ab\u00a0Premiers Maux\u00a0\u00bb juste <a href=\"https:\/\/soundcloud.com\/apoproduction\/sets\/premiers-maux-favalova-1\">ICI<\/a>.<\/strong><\/span><\/p>\n<p>&nbsp;<\/p>\n<h3><span style=\"font-size: 18pt;\"><strong>L&rsquo;aventure c&rsquo;est l&rsquo;aventure&#8230;\u00a0<\/strong><\/span><\/h3>\n<p><span style=\"font-weight: 400; font-size: 14pt;\">En 2017, nouveau tournant pour nos brigadiers. Ils profitent de 4 mois de voyage en Asie, en Am\u00e9rique du Sud et dans les Oc\u00e9ans Pacifique et Atlantique, pour ouvrir leur projet et le rendre lisible aux yeux de tous. Ainsi naquit le journal de voyage Brigade sans fronti\u00e8res. Ce papier relate plus largement les projets de quelques personnes qui, en voulant humblement changer le monde, ont trouv\u00e9 dans l\u2019aventure de la vie et de l\u2019\u00e9criture un moyen concret de se r\u00e9aliser.\u00a0<\/span><\/p>\n<p><span style=\"font-weight: 400; font-size: 14pt;\">2019, l\u2019aventure continue. Quelques badauds, d\u00e9brouillards et curieux, rencontr\u00e9s sur la route du quotidien, ont ressenti l\u2019appel vibrant des brigadiers et, Rome n\u2019\u00e9tant plus ce qu\u2019elle est, c\u2019est vers BSF qu\u2019ils se sont dirig\u00e9s !<\/span><\/p>\n<p>&nbsp;<\/p>\n<p><img loading=\"lazy\" decoding=\"async\" class=\"aligncenter wp-image-1778 size-large\" src=\"https:\/\/www.bsf.ovh\/wp-content\/uploads\/2019\/11\/unnamed-2-1024x767.jpg\" alt=\"La brigade \" width=\"1024\" height=\"767\" srcset=\"https:\/\/www.prendstadose.fr\/wp-content\/uploads\/2019\/11\/unnamed-2-1024x767.jpg 1024w, https:\/\/www.prendstadose.fr\/wp-content\/uploads\/2019\/11\/unnamed-2-300x225.jpg 300w, https:\/\/www.prendstadose.fr\/wp-content\/uploads\/2019\/11\/unnamed-2-768x576.jpg 768w, https:\/\/www.prendstadose.fr\/wp-content\/uploads\/2019\/11\/unnamed-2-1536x1151.jpg 1536w, https:\/\/www.prendstadose.fr\/wp-content\/uploads\/2019\/11\/unnamed-2-2048x1535.jpg 2048w, https:\/\/www.prendstadose.fr\/wp-content\/uploads\/2019\/11\/unnamed-2-1170x877.jpg 1170w, https:\/\/www.prendstadose.fr\/wp-content\/uploads\/2019\/11\/unnamed-2-1920x1439.jpg 1920w, https:\/\/www.prendstadose.fr\/wp-content\/uploads\/2019\/11\/unnamed-2-585x438.jpg 585w\" sizes=\"auto, (max-width: 1024px) 100vw, 1024px\" \/><\/p>\n","protected":false},"excerpt":{"rendered":"<p>BSF, c\u2019est quoi ? Une communaut\u00e9 de photographes, auteurs, r\u00eaveurs, explorateurs qui sortent des sentiers battus&hellip;<\/p>\n","protected":false},"author":1,"featured_media":0,"parent":0,"menu_order":0,"comment_status":"closed","ping_status":"closed","template":"","meta":{"_editorskit_title_hidden":false,"_editorskit_reading_time":0,"_editorskit_is_block_options_detached":false,"_editorskit_block_options_position":"{}","jetpack_post_was_ever_published":false,"footnotes":""},"class_list":["post-1752","page","type-page","status-publish","hentry"],"yoast_head":"<!-- This site is optimized with the Yoast SEO plugin v24.6 - https:\/\/yoast.com\/wordpress\/plugins\/seo\/ -->\n<title>Le projet BSF &#8212; PRENDS TA DOSE<\/title>\n<meta name=\"description\" content=\"BSF, c\u2019est quoi ? Une communaut\u00e9 de photographes, auteurs, r\u00eaveurs, explorateurs qui sortent des sentiers battus le temps d\u2019un weekend, de quelques mois\" \/>\n<meta name=\"robots\" content=\"index, follow, max-snippet:-1, max-image-preview:large, max-video-preview:-1\" \/>\n<link rel=\"canonical\" href=\"https:\/\/www.prendstadose.fr\/index.php\/le-projet-bsf\/\" \/>\n<meta property=\"og:locale\" content=\"fr_FR\" \/>\n<meta property=\"og:type\" content=\"article\" \/>\n<meta property=\"og:title\" content=\"Le projet BSF &#8212; PRENDS TA DOSE\" \/>\n<meta property=\"og:description\" content=\"BSF, c\u2019est quoi ? Une communaut\u00e9 de photographes, auteurs, r\u00eaveurs, explorateurs qui sortent des sentiers battus le temps d\u2019un weekend, de quelques mois\" \/>\n<meta property=\"og:url\" content=\"https:\/\/www.prendstadose.fr\/index.php\/le-projet-bsf\/\" \/>\n<meta property=\"og:site_name\" content=\"PRENDS TA DOSE\" \/>\n<meta property=\"article:publisher\" content=\"https:\/\/www.facebook.com\/BrigadeSansFrontieres\/\" \/>\n<meta property=\"article:modified_time\" content=\"2020-01-08T11:13:34+00:00\" \/>\n<meta property=\"og:image\" content=\"https:\/\/www.bsf.ovh\/wp-content\/uploads\/2019\/11\/76720870_579606439248886_8175550112852869120_n-300x300.jpg\" \/>\n<meta name=\"twitter:card\" content=\"summary_large_image\" \/>\n<meta name=\"twitter:label1\" content=\"Dur\u00e9e de lecture estim\u00e9e\" \/>\n\t<meta name=\"twitter:data1\" content=\"3 minutes\" \/>\n<script type=\"application\/ld+json\" class=\"yoast-schema-graph\">{\"@context\":\"https:\/\/schema.org\",\"@graph\":[{\"@type\":\"WebPage\",\"@id\":\"https:\/\/www.prendstadose.fr\/index.php\/le-projet-bsf\/\",\"url\":\"https:\/\/www.prendstadose.fr\/index.php\/le-projet-bsf\/\",\"name\":\"Le projet BSF &#8212; PRENDS TA DOSE\",\"isPartOf\":{\"@id\":\"https:\/\/www.prendstadose.fr\/#website\"},\"primaryImageOfPage\":{\"@id\":\"https:\/\/www.prendstadose.fr\/index.php\/le-projet-bsf\/#primaryimage\"},\"image\":{\"@id\":\"https:\/\/www.prendstadose.fr\/index.php\/le-projet-bsf\/#primaryimage\"},\"thumbnailUrl\":\"https:\/\/www.bsf.ovh\/wp-content\/uploads\/2019\/11\/76720870_579606439248886_8175550112852869120_n-300x300.jpg\",\"datePublished\":\"2019-11-17T06:37:09+00:00\",\"dateModified\":\"2020-01-08T11:13:34+00:00\",\"description\":\"BSF, c\u2019est quoi ? Une communaut\u00e9 de photographes, auteurs, r\u00eaveurs, explorateurs qui sortent des sentiers battus le temps d\u2019un weekend, de quelques mois\",\"breadcrumb\":{\"@id\":\"https:\/\/www.prendstadose.fr\/index.php\/le-projet-bsf\/#breadcrumb\"},\"inLanguage\":\"fr-FR\",\"potentialAction\":[{\"@type\":\"ReadAction\",\"target\":[\"https:\/\/www.prendstadose.fr\/index.php\/le-projet-bsf\/\"]}]},{\"@type\":\"ImageObject\",\"inLanguage\":\"fr-FR\",\"@id\":\"https:\/\/www.prendstadose.fr\/index.php\/le-projet-bsf\/#primaryimage\",\"url\":\"https:\/\/www.bsf.ovh\/wp-content\/uploads\/2019\/11\/76720870_579606439248886_8175550112852869120_n-300x300.jpg\",\"contentUrl\":\"https:\/\/www.bsf.ovh\/wp-content\/uploads\/2019\/11\/76720870_579606439248886_8175550112852869120_n-300x300.jpg\"},{\"@type\":\"BreadcrumbList\",\"@id\":\"https:\/\/www.prendstadose.fr\/index.php\/le-projet-bsf\/#breadcrumb\",\"itemListElement\":[{\"@type\":\"ListItem\",\"position\":1,\"name\":\"Accueil\",\"item\":\"https:\/\/www.prendstadose.fr\/\"},{\"@type\":\"ListItem\",\"position\":2,\"name\":\"Le projet BSF\"}]},{\"@type\":\"WebSite\",\"@id\":\"https:\/\/www.prendstadose.fr\/#website\",\"url\":\"https:\/\/www.prendstadose.fr\/\",\"name\":\"PRENDS TA DOSE\",\"description\":\"Capsule Culture Pour Analphab\u00e8tes Lettr\u00e9s\",\"publisher\":{\"@id\":\"https:\/\/www.prendstadose.fr\/#organization\"},\"potentialAction\":[{\"@type\":\"SearchAction\",\"target\":{\"@type\":\"EntryPoint\",\"urlTemplate\":\"https:\/\/www.prendstadose.fr\/?s={search_term_string}\"},\"query-input\":{\"@type\":\"PropertyValueSpecification\",\"valueRequired\":true,\"valueName\":\"search_term_string\"}}],\"inLanguage\":\"fr-FR\"},{\"@type\":\"Organization\",\"@id\":\"https:\/\/www.prendstadose.fr\/#organization\",\"name\":\"PrendsTaDose\",\"url\":\"https:\/\/www.prendstadose.fr\/\",\"logo\":{\"@type\":\"ImageObject\",\"inLanguage\":\"fr-FR\",\"@id\":\"https:\/\/www.prendstadose.fr\/#\/schema\/logo\/image\/\",\"url\":\"https:\/\/www.prendstadose.fr\/wp-content\/uploads\/2021\/08\/logo-e1641309847268.png\",\"contentUrl\":\"https:\/\/www.prendstadose.fr\/wp-content\/uploads\/2021\/08\/logo-e1641309847268.png\",\"width\":400,\"height\":406,\"caption\":\"PrendsTaDose\"},\"image\":{\"@id\":\"https:\/\/www.prendstadose.fr\/#\/schema\/logo\/image\/\"},\"sameAs\":[\"https:\/\/www.facebook.com\/BrigadeSansFrontieres\/\",\"https:\/\/www.instagram.com\/romain_mailliu\/\"]}]}<\/script>\n<!-- \/ Yoast SEO plugin. -->","yoast_head_json":{"title":"Le projet BSF &#8212; PRENDS TA DOSE","description":"BSF, c\u2019est quoi ? Une communaut\u00e9 de photographes, auteurs, r\u00eaveurs, explorateurs qui sortent des sentiers battus le temps d\u2019un weekend, de quelques mois","robots":{"index":"index","follow":"follow","max-snippet":"max-snippet:-1","max-image-preview":"max-image-preview:large","max-video-preview":"max-video-preview:-1"},"canonical":"https:\/\/www.prendstadose.fr\/index.php\/le-projet-bsf\/","og_locale":"fr_FR","og_type":"article","og_title":"Le projet BSF &#8212; PRENDS TA DOSE","og_description":"BSF, c\u2019est quoi ? Une communaut\u00e9 de photographes, auteurs, r\u00eaveurs, explorateurs qui sortent des sentiers battus le temps d\u2019un weekend, de quelques mois","og_url":"https:\/\/www.prendstadose.fr\/index.php\/le-projet-bsf\/","og_site_name":"PRENDS TA DOSE","article_publisher":"https:\/\/www.facebook.com\/BrigadeSansFrontieres\/","article_modified_time":"2020-01-08T11:13:34+00:00","og_image":[{"url":"https:\/\/www.bsf.ovh\/wp-content\/uploads\/2019\/11\/76720870_579606439248886_8175550112852869120_n-300x300.jpg","type":"","width":"","height":""}],"twitter_card":"summary_large_image","twitter_misc":{"Dur\u00e9e de lecture estim\u00e9e":"3 minutes"},"schema":{"@context":"https:\/\/schema.org","@graph":[{"@type":"WebPage","@id":"https:\/\/www.prendstadose.fr\/index.php\/le-projet-bsf\/","url":"https:\/\/www.prendstadose.fr\/index.php\/le-projet-bsf\/","name":"Le projet BSF &#8212; PRENDS TA DOSE","isPartOf":{"@id":"https:\/\/www.prendstadose.fr\/#website"},"primaryImageOfPage":{"@id":"https:\/\/www.prendstadose.fr\/index.php\/le-projet-bsf\/#primaryimage"},"image":{"@id":"https:\/\/www.prendstadose.fr\/index.php\/le-projet-bsf\/#primaryimage"},"thumbnailUrl":"https:\/\/www.bsf.ovh\/wp-content\/uploads\/2019\/11\/76720870_579606439248886_8175550112852869120_n-300x300.jpg","datePublished":"2019-11-17T06:37:09+00:00","dateModified":"2020-01-08T11:13:34+00:00","description":"BSF, c\u2019est quoi ? Une communaut\u00e9 de photographes, auteurs, r\u00eaveurs, explorateurs qui sortent des sentiers battus le temps d\u2019un weekend, de quelques mois","breadcrumb":{"@id":"https:\/\/www.prendstadose.fr\/index.php\/le-projet-bsf\/#breadcrumb"},"inLanguage":"fr-FR","potentialAction":[{"@type":"ReadAction","target":["https:\/\/www.prendstadose.fr\/index.php\/le-projet-bsf\/"]}]},{"@type":"ImageObject","inLanguage":"fr-FR","@id":"https:\/\/www.prendstadose.fr\/index.php\/le-projet-bsf\/#primaryimage","url":"https:\/\/www.bsf.ovh\/wp-content\/uploads\/2019\/11\/76720870_579606439248886_8175550112852869120_n-300x300.jpg","contentUrl":"https:\/\/www.bsf.ovh\/wp-content\/uploads\/2019\/11\/76720870_579606439248886_8175550112852869120_n-300x300.jpg"},{"@type":"BreadcrumbList","@id":"https:\/\/www.prendstadose.fr\/index.php\/le-projet-bsf\/#breadcrumb","itemListElement":[{"@type":"ListItem","position":1,"name":"Accueil","item":"https:\/\/www.prendstadose.fr\/"},{"@type":"ListItem","position":2,"name":"Le projet BSF"}]},{"@type":"WebSite","@id":"https:\/\/www.prendstadose.fr\/#website","url":"https:\/\/www.prendstadose.fr\/","name":"PRENDS TA DOSE","description":"Capsule Culture Pour Analphab\u00e8tes Lettr\u00e9s","publisher":{"@id":"https:\/\/www.prendstadose.fr\/#organization"},"potentialAction":[{"@type":"SearchAction","target":{"@type":"EntryPoint","urlTemplate":"https:\/\/www.prendstadose.fr\/?s={search_term_string}"},"query-input":{"@type":"PropertyValueSpecification","valueRequired":true,"valueName":"search_term_string"}}],"inLanguage":"fr-FR"},{"@type":"Organization","@id":"https:\/\/www.prendstadose.fr\/#organization","name":"PrendsTaDose","url":"https:\/\/www.prendstadose.fr\/","logo":{"@type":"ImageObject","inLanguage":"fr-FR","@id":"https:\/\/www.prendstadose.fr\/#\/schema\/logo\/image\/","url":"https:\/\/www.prendstadose.fr\/wp-content\/uploads\/2021\/08\/logo-e1641309847268.png","contentUrl":"https:\/\/www.prendstadose.fr\/wp-content\/uploads\/2021\/08\/logo-e1641309847268.png","width":400,"height":406,"caption":"PrendsTaDose"},"image":{"@id":"https:\/\/www.prendstadose.fr\/#\/schema\/logo\/image\/"},"sameAs":["https:\/\/www.facebook.com\/BrigadeSansFrontieres\/","https:\/\/www.instagram.com\/romain_mailliu\/"]}]}},"jetpack_sharing_enabled":true,"_links":{"self":[{"href":"https:\/\/www.prendstadose.fr\/index.php\/wp-json\/wp\/v2\/pages\/1752","targetHints":{"allow":["GET"]}}],"collection":[{"href":"https:\/\/www.prendstadose.fr\/index.php\/wp-json\/wp\/v2\/pages"}],"about":[{"href":"https:\/\/www.prendstadose.fr\/index.php\/wp-json\/wp\/v2\/types\/page"}],"author":[{"embeddable":true,"href":"https:\/\/www.prendstadose.fr\/index.php\/wp-json\/wp\/v2\/users\/1"}],"replies":[{"embeddable":true,"href":"https:\/\/www.prendstadose.fr\/index.php\/wp-json\/wp\/v2\/comments?post=1752"}],"version-history":[{"count":15,"href":"https:\/\/www.prendstadose.fr\/index.php\/wp-json\/wp\/v2\/pages\/1752\/revisions"}],"predecessor-version":[{"id":2169,"href":"https:\/\/www.prendstadose.fr\/index.php\/wp-json\/wp\/v2\/pages\/1752\/revisions\/2169"}],"wp:attachment":[{"href":"https:\/\/www.prendstadose.fr\/index.php\/wp-json\/wp\/v2\/media?parent=1752"}],"curies":[{"name":"wp","href":"https:\/\/api.w.org\/{rel}","templated":true}]}}