{"id":2988,"date":"2021-09-08T22:40:03","date_gmt":"2021-09-08T20:40:03","guid":{"rendered":"https:\/\/www.prendstadose.fr\/?page_id=2988"},"modified":"2025-05-19T14:55:41","modified_gmt":"2025-05-19T12:55:41","slug":"capsule-2","status":"publish","type":"page","link":"https:\/\/www.prendstadose.fr\/index.php\/capsule-2\/","title":{"rendered":"Capsules"},"content":{"rendered":"<h1><span style=\"color: #00ff00; font-size: 24pt;\"><strong>Capsule #1 : Le codage : L&rsquo;artisanat Moderne<br \/>\n<\/strong><\/span><\/h1>\n<p><span style=\"font-size: 14pt;\">Et si l&rsquo;artisan fabriquait des p\u00e2tisseries crypt\u00e9es, des porcelaines pix\u00e9lis\u00e9es, des bottes vectoris\u00e9es, des po\u00e8mes encod\u00e9s ?<\/span><\/p>\n<div class=\"o9v6fnle cxmmr5t8 oygrvhab hcukyx3x c1et5uql ii04i59q\">\n<div dir=\"auto\"><\/div>\n<\/div>\n<div class=\"o9v6fnle cxmmr5t8 oygrvhab hcukyx3x c1et5uql ii04i59q\">\n<div dir=\"auto\"><span style=\"font-size: 14pt;\">Les codeurs ne seraient-ils pas les artisans du futur?<\/span><\/div>\n<\/div>\n<div class=\"kvgmc6g5 cxmmr5t8 oygrvhab hcukyx3x c1et5uql ii04i59q\"><\/div>\n<p><span style=\"font-size: 14pt;\"><b>Nom de code<\/b><span style=\"font-weight: 400;\"> : <\/span><i><span style=\"font-weight: 400;\">Le codage, l\u2019artisanat moderne<\/span><\/i><\/span><\/p>\n<p><span style=\"font-size: 14pt;\"><b>Setlist<\/b><span style=\"font-weight: 400;\"> : <em>27 pages &#8211; 3 articles &#8211; 1 s\u00e9rie photo <\/em><\/span><em><span style=\"font-weight: 400;\">#CarteBlanche<\/span><\/em><\/span><\/p>\n<p><span style=\"font-size: 14pt;\"><b>Prix<\/b><span style=\"font-weight: 400;\"> : <em>Entr\u00e9e libre et gratuite<\/em><\/span><\/span><\/p>\n<p><span style=\"font-size: 14pt;\"><b>Un num\u00e9ro sp\u00e9cial consacr\u00e9 aux m\u00e9tiers artisanaux.<\/b><span style=\"font-weight: 400;\"> Devenus presque invisibles, les artisans rythment l\u2019imaginaire collectif dans la soci\u00e9t\u00e9 de services dans laquelle nous vivons. Mais l&rsquo;image de l\u2019artisan \u201cla main \u00e0 la patte\u201d \u00e9volue avec le num\u00e9rique. Il fabrique aujourd\u2019hui des porcelaines pixellis\u00e9es, des univers po\u00e9tiques encod\u00e9s. <\/span><span style=\"font-weight: 400;\">Le code, que le programmeur \u00e9crit, ligne par ligne, est un travail de pr\u00e9cision o\u00f9 chaque lettre, chaque virgule, chaque espace compte.Petit \u00e0 petit, notre programmateur, comme notre artisan, construit avec ses mains et donne vie aux fruits de son imagination. Voici l\u2019id\u00e9e que nous voulons d\u00e9velopper avec cette premi\u00e8re capsule : le codage est l\u2019artisanat moderne.\u00a0<\/span><\/span><\/p>\n<h2><\/h2>\n<h2><span style=\"font-weight: 400; font-size: 18pt;\"><strong>Pour t\u00e9l\u00e9charger la capsule en format PDF c&rsquo;est (bient\u00f4t) ICI !<\/strong> =&gt;\u00a0<\/span><\/h2>\n<h2><\/h2>\n<p><img loading=\"lazy\" decoding=\"async\" class=\"aligncenter wp-image-2989 size-full\" src=\"https:\/\/www.prendstadose.fr\/wp-content\/uploads\/2021\/09\/Capture-de\u0301cran-2021-09-08-a\u0300-21.57.03.png\" alt=\"\" width=\"579\" height=\"534\" srcset=\"https:\/\/www.prendstadose.fr\/wp-content\/uploads\/2021\/09\/Capture-de\u0301cran-2021-09-08-a\u0300-21.57.03.png 579w, https:\/\/www.prendstadose.fr\/wp-content\/uploads\/2021\/09\/Capture-de\u0301cran-2021-09-08-a\u0300-21.57.03-300x277.png 300w\" sizes=\"auto, (max-width: 579px) 100vw, 579px\" \/><\/p>\n","protected":false},"excerpt":{"rendered":"<p>Capsule #1 : Le codage : L&rsquo;artisanat Moderne Et si l&rsquo;artisan fabriquait des p\u00e2tisseries crypt\u00e9es, des&hellip;<\/p>\n","protected":false},"author":1,"featured_media":0,"parent":0,"menu_order":0,"comment_status":"closed","ping_status":"closed","template":"","meta":{"_editorskit_title_hidden":false,"_editorskit_reading_time":0,"_editorskit_is_block_options_detached":false,"_editorskit_block_options_position":"{}","jetpack_post_was_ever_published":false,"footnotes":""},"class_list":["post-2988","page","type-page","status-publish","hentry"],"yoast_head":"<!-- This site is optimized with the Yoast SEO plugin v24.6 - https:\/\/yoast.com\/wordpress\/plugins\/seo\/ -->\n<title>Capsules &#8212; PRENDS TA DOSE<\/title>\n<meta name=\"description\" content=\"Capsule #1 : Le codage : L&#039;artisanat Moderne Et si l&#039;artisan fabriquait des p\u00e2tisseries crypt\u00e9es, des porcelaines pix\u00e9lis\u00e9es, des bottes vectoris\u00e9es, des\" \/>\n<meta name=\"robots\" content=\"index, follow, max-snippet:-1, max-image-preview:large, max-video-preview:-1\" \/>\n<link rel=\"canonical\" href=\"https:\/\/www.prendstadose.fr\/index.php\/capsule-2\/\" \/>\n<meta property=\"og:locale\" content=\"fr_FR\" \/>\n<meta property=\"og:type\" content=\"article\" \/>\n<meta property=\"og:title\" content=\"Capsules &#8212; PRENDS TA DOSE\" \/>\n<meta property=\"og:description\" content=\"Capsule #1 : Le codage : L&#039;artisanat Moderne Et si l&#039;artisan fabriquait des p\u00e2tisseries crypt\u00e9es, des porcelaines pix\u00e9lis\u00e9es, des bottes vectoris\u00e9es, des\" \/>\n<meta property=\"og:url\" content=\"https:\/\/www.prendstadose.fr\/index.php\/capsule-2\/\" \/>\n<meta property=\"og:site_name\" content=\"PRENDS TA DOSE\" \/>\n<meta property=\"article:publisher\" content=\"https:\/\/www.facebook.com\/BrigadeSansFrontieres\/\" \/>\n<meta property=\"article:modified_time\" content=\"2025-05-19T12:55:41+00:00\" \/>\n<meta property=\"og:image\" content=\"https:\/\/www.prendstadose.fr\/wp-content\/uploads\/2020\/02\/Logo-BSFmagazine-1.png\" \/>\n\t<meta property=\"og:image:width\" content=\"1133\" \/>\n\t<meta property=\"og:image:height\" content=\"1133\" \/>\n\t<meta property=\"og:image:type\" content=\"image\/png\" \/>\n<meta name=\"twitter:card\" content=\"summary_large_image\" \/>\n<meta name=\"twitter:label1\" content=\"Dur\u00e9e de lecture estim\u00e9e\" \/>\n\t<meta name=\"twitter:data1\" content=\"2 minutes\" \/>\n<script type=\"application\/ld+json\" class=\"yoast-schema-graph\">{\"@context\":\"https:\/\/schema.org\",\"@graph\":[{\"@type\":\"WebPage\",\"@id\":\"https:\/\/www.prendstadose.fr\/index.php\/capsule-2\/\",\"url\":\"https:\/\/www.prendstadose.fr\/index.php\/capsule-2\/\",\"name\":\"Capsules &#8212; PRENDS TA DOSE\",\"isPartOf\":{\"@id\":\"https:\/\/www.prendstadose.fr\/#website\"},\"datePublished\":\"2021-09-08T20:40:03+00:00\",\"dateModified\":\"2025-05-19T12:55:41+00:00\",\"description\":\"Capsule #1 : Le codage : L'artisanat Moderne Et si l'artisan fabriquait des p\u00e2tisseries crypt\u00e9es, des porcelaines pix\u00e9lis\u00e9es, des bottes vectoris\u00e9es, des\",\"breadcrumb\":{\"@id\":\"https:\/\/www.prendstadose.fr\/index.php\/capsule-2\/#breadcrumb\"},\"inLanguage\":\"fr-FR\",\"potentialAction\":[{\"@type\":\"ReadAction\",\"target\":[\"https:\/\/www.prendstadose.fr\/index.php\/capsule-2\/\"]}]},{\"@type\":\"BreadcrumbList\",\"@id\":\"https:\/\/www.prendstadose.fr\/index.php\/capsule-2\/#breadcrumb\",\"itemListElement\":[{\"@type\":\"ListItem\",\"position\":1,\"name\":\"Accueil\",\"item\":\"https:\/\/www.prendstadose.fr\/\"},{\"@type\":\"ListItem\",\"position\":2,\"name\":\"Capsules\"}]},{\"@type\":\"WebSite\",\"@id\":\"https:\/\/www.prendstadose.fr\/#website\",\"url\":\"https:\/\/www.prendstadose.fr\/\",\"name\":\"PRENDS TA DOSE\",\"description\":\"Capsule Culture Pour Analphab\u00e8tes Lettr\u00e9s\",\"publisher\":{\"@id\":\"https:\/\/www.prendstadose.fr\/#organization\"},\"potentialAction\":[{\"@type\":\"SearchAction\",\"target\":{\"@type\":\"EntryPoint\",\"urlTemplate\":\"https:\/\/www.prendstadose.fr\/?s={search_term_string}\"},\"query-input\":{\"@type\":\"PropertyValueSpecification\",\"valueRequired\":true,\"valueName\":\"search_term_string\"}}],\"inLanguage\":\"fr-FR\"},{\"@type\":\"Organization\",\"@id\":\"https:\/\/www.prendstadose.fr\/#organization\",\"name\":\"PrendsTaDose\",\"url\":\"https:\/\/www.prendstadose.fr\/\",\"logo\":{\"@type\":\"ImageObject\",\"inLanguage\":\"fr-FR\",\"@id\":\"https:\/\/www.prendstadose.fr\/#\/schema\/logo\/image\/\",\"url\":\"https:\/\/www.prendstadose.fr\/wp-content\/uploads\/2021\/08\/logo-e1641309847268.png\",\"contentUrl\":\"https:\/\/www.prendstadose.fr\/wp-content\/uploads\/2021\/08\/logo-e1641309847268.png\",\"width\":400,\"height\":406,\"caption\":\"PrendsTaDose\"},\"image\":{\"@id\":\"https:\/\/www.prendstadose.fr\/#\/schema\/logo\/image\/\"},\"sameAs\":[\"https:\/\/www.facebook.com\/BrigadeSansFrontieres\/\",\"https:\/\/www.instagram.com\/romain_mailliu\/\"]}]}<\/script>\n<!-- \/ Yoast SEO plugin. -->","yoast_head_json":{"title":"Capsules &#8212; PRENDS TA DOSE","description":"Capsule #1 : Le codage : L'artisanat Moderne Et si l'artisan fabriquait des p\u00e2tisseries crypt\u00e9es, des porcelaines pix\u00e9lis\u00e9es, des bottes vectoris\u00e9es, des","robots":{"index":"index","follow":"follow","max-snippet":"max-snippet:-1","max-image-preview":"max-image-preview:large","max-video-preview":"max-video-preview:-1"},"canonical":"https:\/\/www.prendstadose.fr\/index.php\/capsule-2\/","og_locale":"fr_FR","og_type":"article","og_title":"Capsules &#8212; PRENDS TA DOSE","og_description":"Capsule #1 : Le codage : L'artisanat Moderne Et si l'artisan fabriquait des p\u00e2tisseries crypt\u00e9es, des porcelaines pix\u00e9lis\u00e9es, des bottes vectoris\u00e9es, des","og_url":"https:\/\/www.prendstadose.fr\/index.php\/capsule-2\/","og_site_name":"PRENDS TA DOSE","article_publisher":"https:\/\/www.facebook.com\/BrigadeSansFrontieres\/","article_modified_time":"2025-05-19T12:55:41+00:00","og_image":[{"width":1133,"height":1133,"url":"https:\/\/www.prendstadose.fr\/wp-content\/uploads\/2020\/02\/Logo-BSFmagazine-1.png","type":"image\/png"}],"twitter_card":"summary_large_image","twitter_misc":{"Dur\u00e9e de lecture estim\u00e9e":"2 minutes"},"schema":{"@context":"https:\/\/schema.org","@graph":[{"@type":"WebPage","@id":"https:\/\/www.prendstadose.fr\/index.php\/capsule-2\/","url":"https:\/\/www.prendstadose.fr\/index.php\/capsule-2\/","name":"Capsules &#8212; PRENDS TA DOSE","isPartOf":{"@id":"https:\/\/www.prendstadose.fr\/#website"},"datePublished":"2021-09-08T20:40:03+00:00","dateModified":"2025-05-19T12:55:41+00:00","description":"Capsule #1 : Le codage : L'artisanat Moderne Et si l'artisan fabriquait des p\u00e2tisseries crypt\u00e9es, des porcelaines pix\u00e9lis\u00e9es, des bottes vectoris\u00e9es, des","breadcrumb":{"@id":"https:\/\/www.prendstadose.fr\/index.php\/capsule-2\/#breadcrumb"},"inLanguage":"fr-FR","potentialAction":[{"@type":"ReadAction","target":["https:\/\/www.prendstadose.fr\/index.php\/capsule-2\/"]}]},{"@type":"BreadcrumbList","@id":"https:\/\/www.prendstadose.fr\/index.php\/capsule-2\/#breadcrumb","itemListElement":[{"@type":"ListItem","position":1,"name":"Accueil","item":"https:\/\/www.prendstadose.fr\/"},{"@type":"ListItem","position":2,"name":"Capsules"}]},{"@type":"WebSite","@id":"https:\/\/www.prendstadose.fr\/#website","url":"https:\/\/www.prendstadose.fr\/","name":"PRENDS TA DOSE","description":"Capsule Culture Pour Analphab\u00e8tes Lettr\u00e9s","publisher":{"@id":"https:\/\/www.prendstadose.fr\/#organization"},"potentialAction":[{"@type":"SearchAction","target":{"@type":"EntryPoint","urlTemplate":"https:\/\/www.prendstadose.fr\/?s={search_term_string}"},"query-input":{"@type":"PropertyValueSpecification","valueRequired":true,"valueName":"search_term_string"}}],"inLanguage":"fr-FR"},{"@type":"Organization","@id":"https:\/\/www.prendstadose.fr\/#organization","name":"PrendsTaDose","url":"https:\/\/www.prendstadose.fr\/","logo":{"@type":"ImageObject","inLanguage":"fr-FR","@id":"https:\/\/www.prendstadose.fr\/#\/schema\/logo\/image\/","url":"https:\/\/www.prendstadose.fr\/wp-content\/uploads\/2021\/08\/logo-e1641309847268.png","contentUrl":"https:\/\/www.prendstadose.fr\/wp-content\/uploads\/2021\/08\/logo-e1641309847268.png","width":400,"height":406,"caption":"PrendsTaDose"},"image":{"@id":"https:\/\/www.prendstadose.fr\/#\/schema\/logo\/image\/"},"sameAs":["https:\/\/www.facebook.com\/BrigadeSansFrontieres\/","https:\/\/www.instagram.com\/romain_mailliu\/"]}]}},"jetpack_sharing_enabled":true,"_links":{"self":[{"href":"https:\/\/www.prendstadose.fr\/index.php\/wp-json\/wp\/v2\/pages\/2988","targetHints":{"allow":["GET"]}}],"collection":[{"href":"https:\/\/www.prendstadose.fr\/index.php\/wp-json\/wp\/v2\/pages"}],"about":[{"href":"https:\/\/www.prendstadose.fr\/index.php\/wp-json\/wp\/v2\/types\/page"}],"author":[{"embeddable":true,"href":"https:\/\/www.prendstadose.fr\/index.php\/wp-json\/wp\/v2\/users\/1"}],"replies":[{"embeddable":true,"href":"https:\/\/www.prendstadose.fr\/index.php\/wp-json\/wp\/v2\/comments?post=2988"}],"version-history":[{"count":9,"href":"https:\/\/www.prendstadose.fr\/index.php\/wp-json\/wp\/v2\/pages\/2988\/revisions"}],"predecessor-version":[{"id":4206,"href":"https:\/\/www.prendstadose.fr\/index.php\/wp-json\/wp\/v2\/pages\/2988\/revisions\/4206"}],"wp:attachment":[{"href":"https:\/\/www.prendstadose.fr\/index.php\/wp-json\/wp\/v2\/media?parent=2988"}],"curies":[{"name":"wp","href":"https:\/\/api.w.org\/{rel}","templated":true}]}}