{"id":3147,"date":"2021-11-19T18:37:37","date_gmt":"2021-11-19T17:37:37","guid":{"rendered":"https:\/\/www.prendstadose.fr\/?page_id=3147"},"modified":"2024-09-30T18:26:02","modified_gmt":"2024-09-30T16:26:02","slug":"romain-mailliu","status":"publish","type":"page","link":"https:\/\/www.prendstadose.fr\/index.php\/romain-mailliu\/","title":{"rendered":"Romain Mailliu"},"content":{"rendered":"\n<p><span style=\"font-size: 14pt;\"><span style=\"font-weight: 400;\">Prends Ta Dose est le cri d\u2019une g\u00e9n\u00e9ration qui voit son monde tanguer dangereusement du mauvais c\u00f4t\u00e9 de la balance. D\u00e9r\u00e8glement climatique, crises culturelles et d\u00e9mographiques, repli identitaire,&nbsp; notre vie ne sera pas aussi douce que celle de nos parents. Alors entre le PowerPoint pour le boulot, <\/span><span style=\"font-weight: 400;\">les M\u00e9moires d\u2019Hadrien ouvert depuis 5 mois sur la table de chevet, le dernier album de Jul, j\u2019\u00e9cris des articles pour :&nbsp;<\/span><\/span><\/p>\n\n\n\n<ol class=\"wp-block-list\">\n<li><span style=\"font-weight: 400; font-size: 14pt;\">Ordonner le feu d\u2019artifice de mes pens\u00e9es et en sortir quelques r\u00e9flexions \/ observations&nbsp;<\/span><\/li>\n\n\n\n<li><span style=\"font-weight: 400; font-size: 14pt;\">Offrir de la visibilit\u00e9 \u00e0 ceux que l\u2019on n\u2019entend jamais&nbsp;<\/span><\/li>\n\n\n\n<li><span style=\"font-weight: 400; font-size: 14pt;\">Lire vos retours, sources de motivation, de perfectionnement et de remises en question&nbsp;<\/span><\/li>\n<\/ol>\n\n\n\n<h2 class=\"wp-block-heading\"><span style=\"font-size: 18pt;\"><b><i>Historique<\/i><\/b><\/span><\/h2>\n\n\n\n<p><span style=\"font-size: 14pt;\"><span style=\"font-weight: 400;\">Prends Ta Dose, alias BSFmagazine, est n\u00e9 dans ma t\u00eate en 2019 alors que je partais dans les bidonvilles d\u2019Indon\u00e9sie,<\/span><a href=\"https:\/\/www.prendstadose.fr\/index.php\/2020\/11\/06\/rencontre-la-communaute-du-bidonville-de-kampung-sawah\/\"><span style=\"font-weight: 400;\"> accompagner des jeunes adultes \u00e0 trouver du travail<\/span><\/a><span style=\"font-weight: 400;\">. Le projet, que je voyais comme un moyen de prendre du recul, de communiquer avec mes proches et de donner envie \u00e0 d\u2019autres de partir, s&rsquo;est av\u00e9r\u00e9 une terre fertile. D&rsquo;autres r\u00e9dacteurs m&rsquo;ont rejoint &#8211; parmi eux <\/span><a href=\"https:\/\/www.prendstadose.fr\/index.php\/edmond-moralis-chroniques\/\"><span style=\"font-weight: 400;\">Baudouin<\/span><\/a><span style=\"font-weight: 400;\"> qui est devenu mon bin\u00f4me &#8211;&nbsp; pour transformer ce carnet de voyage en webmagazine. Les sujets se sont diversifi\u00e9s, avec des textes sans langue de bois pour parler de ceux qui ne font jamais l\u2019actualit\u00e9, de culture et de beau comme rem\u00e8de aux maux de l\u2019\u00e9poque et de <\/span><a href=\"https:\/\/www.prendstadose.fr\/index.php\/2020\/09\/17\/playlist-le-rap-sentimental\/\"><span style=\"font-weight: 400;\">musique pour relever le tout.<\/span><\/a><span style=\"font-weight: 400;\">&nbsp;<\/span><\/span><\/p>\n\n\n\n<p><span style=\"font-weight: 400; font-size: 14pt;\">Un an et demi plus tard, alors que je rentrais en France, BSF devenait Prends Ta Dose&#8230; de culture, de r\u00e9flexion, de musique, une invitation \u00e0 s\u2019ancrer et se recentrer dans un monde sans cesse en mouvement au travers d\u2019articles et de r\u00e9cits vivants.<\/span><\/p>\n\n\n\n<p><span style=\"font-size: 14pt;\"><span style=\"font-weight: 400;\">Aujourd\u2019hui Prends Ta dose r\u00e9unit +50 000 lecteurs et se d\u00e9cline en <\/span><a href=\"https:\/\/www.prendstadose.fr\/index.php\/capsule-2\/\"><span style=\"font-weight: 400;\">Capsules<\/span><\/a><span style=\"font-weight: 400;\">, WebMagazines qui traitent un sujet d&rsquo;actualit\u00e9 sous plusieurs angles (essais, interviews, photographies\u2026).&nbsp;<\/span><\/span><\/p>\n\n\n\n<p><span style=\"font-weight: 400; font-size: 14pt;\">Au plaisir d\u2019\u00e9changer,&nbsp;<\/span><\/p>\n\n\n\n<p><span style=\"font-size: 14pt;\"><span style=\"font-weight: 400;\">Romain &#8211; <\/span><a href=\"mailto:romain.mailliu@gmail.com\"><span style=\"font-weight: 400;\">romain.mailliu@gmail.com<\/span><\/a><\/span><\/p>\n\n\n<div class=\"wp-block-image wp-image-3150 size-full\">\n<figure class=\"aligncenter\"><img loading=\"lazy\" decoding=\"async\" width=\"1024\" height=\"768\" src=\"https:\/\/www.prendstadose.fr\/wp-content\/uploads\/2021\/11\/IMG-8674-1.jpeg\" alt=\"\" class=\"wp-image-3150\" srcset=\"https:\/\/www.prendstadose.fr\/wp-content\/uploads\/2021\/11\/IMG-8674-1.jpeg 1024w, https:\/\/www.prendstadose.fr\/wp-content\/uploads\/2021\/11\/IMG-8674-1-300x225.jpeg 300w, https:\/\/www.prendstadose.fr\/wp-content\/uploads\/2021\/11\/IMG-8674-1-768x576.jpeg 768w, https:\/\/www.prendstadose.fr\/wp-content\/uploads\/2021\/11\/IMG-8674-1-585x439.jpeg 585w\" sizes=\"auto, (max-width: 1024px) 100vw, 1024px\" \/><figcaption class=\"wp-element-caption\">Indon\u00e9sie &#8211; 2020<\/figcaption><\/figure><\/div>\n\n\n<div style=\"height:50px\" aria-hidden=\"true\" class=\"wp-block-spacer\"><\/div>\n\n\n\n<div class=\"wp-block-group is-vertical is-layout-flex wp-container-core-group-is-layout-1 wp-block-group-is-layout-flex\">\n<p class=\"has-medium-font-size\"><strong>Ses derni\u00e8res publications<\/strong><\/p>\n<\/div>\n\n\n<ul style=\"font-size:18px;\" class=\"wp-block-latest-posts__list has-dates has-author wp-block-latest-posts\"><li><div class=\"wp-block-latest-posts__featured-image alignleft\"><img loading=\"lazy\" decoding=\"async\" width=\"150\" height=\"150\" src=\"https:\/\/www.prendstadose.fr\/wp-content\/uploads\/2024\/12\/iPhone16-Batterie-1-150x150.webp\" class=\"attachment-thumbnail size-thumbnail wp-post-image\" alt=\"iPhone 16\" style=\"max-width:75px;max-height:75px;\" srcset=\"https:\/\/www.prendstadose.fr\/wp-content\/uploads\/2024\/12\/iPhone16-Batterie-1-150x150.webp 150w, https:\/\/www.prendstadose.fr\/wp-content\/uploads\/2024\/12\/iPhone16-Batterie-1-585x585.webp 585w, https:\/\/www.prendstadose.fr\/wp-content\/uploads\/2024\/12\/iPhone16-Batterie-1-120x120.webp 120w\" sizes=\"auto, (max-width: 150px) 100vw, 150px\" \/><\/div><a class=\"wp-block-latest-posts__post-title\" href=\"https:\/\/www.prendstadose.fr\/index.php\/2024\/12\/01\/black-friday-le-bug-damazon-pour-acheter-un-iphone-16-a-50\/\">Black Friday : le bug d\u2019Amazon pour acheter un iPhone 16 \u00e0 -50%\u00a0<\/a><div class=\"wp-block-latest-posts__post-author\">par Romain Mailliu<\/div><time datetime=\"2024-12-01T10:47:43+01:00\" class=\"wp-block-latest-posts__post-date\">1 d\u00e9cembre 2024<\/time><\/li>\n<li><div class=\"wp-block-latest-posts__featured-image alignleft\"><img loading=\"lazy\" decoding=\"async\" width=\"150\" height=\"150\" src=\"https:\/\/www.prendstadose.fr\/wp-content\/uploads\/2024\/10\/1378077598-150x150.jpg\" class=\"attachment-thumbnail size-thumbnail wp-post-image\" alt=\"\" style=\"max-width:75px;max-height:75px;\" srcset=\"https:\/\/www.prendstadose.fr\/wp-content\/uploads\/2024\/10\/1378077598-150x150.jpg 150w, https:\/\/www.prendstadose.fr\/wp-content\/uploads\/2024\/10\/1378077598-585x585.jpg 585w, https:\/\/www.prendstadose.fr\/wp-content\/uploads\/2024\/10\/1378077598-120x120.jpg 120w\" sizes=\"auto, (max-width: 150px) 100vw, 150px\" \/><\/div><a class=\"wp-block-latest-posts__post-title\" href=\"https:\/\/www.prendstadose.fr\/index.php\/2024\/10\/21\/le-levrier-episode-2-amy\/\">Le l\u00e9vrier, Episode 2 : Amy<\/a><div class=\"wp-block-latest-posts__post-author\">par Romain Mailliu<\/div><time datetime=\"2024-10-21T14:40:52+02:00\" class=\"wp-block-latest-posts__post-date\">21 octobre 2024<\/time><\/li>\n<li><div class=\"wp-block-latest-posts__featured-image alignleft\"><img loading=\"lazy\" decoding=\"async\" width=\"150\" height=\"150\" src=\"https:\/\/www.prendstadose.fr\/wp-content\/uploads\/2024\/09\/James_Bowker_HOS_AMBASSADOR_13-150x150.webp\" class=\"attachment-thumbnail size-thumbnail wp-post-image\" alt=\"Le l\u00e9vrier\" style=\"max-width:75px;max-height:75px;\" srcset=\"https:\/\/www.prendstadose.fr\/wp-content\/uploads\/2024\/09\/James_Bowker_HOS_AMBASSADOR_13-150x150.webp 150w, https:\/\/www.prendstadose.fr\/wp-content\/uploads\/2024\/09\/James_Bowker_HOS_AMBASSADOR_13-585x585.webp 585w, https:\/\/www.prendstadose.fr\/wp-content\/uploads\/2024\/09\/James_Bowker_HOS_AMBASSADOR_13-640x640.webp 640w, https:\/\/www.prendstadose.fr\/wp-content\/uploads\/2024\/09\/James_Bowker_HOS_AMBASSADOR_13-120x120.webp 120w\" sizes=\"auto, (max-width: 150px) 100vw, 150px\" \/><\/div><a class=\"wp-block-latest-posts__post-title\" href=\"https:\/\/www.prendstadose.fr\/index.php\/2024\/09\/27\/le-levrier-episode-1-gregoire\/\">Le L\u00e9vrier, \u00e9pisode 1 : Gr\u00e9goire<\/a><div class=\"wp-block-latest-posts__post-author\">par Romain Mailliu<\/div><time datetime=\"2024-09-27T22:33:52+02:00\" class=\"wp-block-latest-posts__post-date\">27 septembre 2024<\/time><\/li>\n<\/ul>\n\n\n<p><\/p>\n","protected":false},"excerpt":{"rendered":"<p>Prends Ta Dose est le cri d\u2019une g\u00e9n\u00e9ration qui voit son monde tanguer dangereusement du mauvais&hellip;<\/p>\n","protected":false},"author":1,"featured_media":0,"parent":0,"menu_order":0,"comment_status":"closed","ping_status":"closed","template":"","meta":{"_editorskit_title_hidden":false,"_editorskit_reading_time":0,"_editorskit_is_block_options_detached":false,"_editorskit_block_options_position":"{}","jetpack_post_was_ever_published":false,"footnotes":""},"class_list":["post-3147","page","type-page","status-publish","hentry"],"yoast_head":"<!-- This site is optimized with the Yoast SEO plugin v24.6 - https:\/\/yoast.com\/wordpress\/plugins\/seo\/ -->\n<title>Romain Mailliu &#8212; PRENDS TA DOSE<\/title>\n<meta name=\"description\" content=\"Prends Ta Dose est le cri d\u2019une g\u00e9n\u00e9ration qui voit son monde tanguer dangereusement du mauvais c\u00f4t\u00e9 de la balance. D\u00e9r\u00e8glement climatique, crises\" \/>\n<meta name=\"robots\" content=\"index, follow, max-snippet:-1, max-image-preview:large, max-video-preview:-1\" \/>\n<link rel=\"canonical\" href=\"https:\/\/www.prendstadose.fr\/index.php\/romain-mailliu\/\" \/>\n<meta property=\"og:locale\" content=\"fr_FR\" \/>\n<meta property=\"og:type\" content=\"article\" \/>\n<meta property=\"og:title\" content=\"Romain Mailliu &#8212; PRENDS TA DOSE\" \/>\n<meta property=\"og:description\" content=\"Prends Ta Dose est le cri d\u2019une g\u00e9n\u00e9ration qui voit son monde tanguer dangereusement du mauvais c\u00f4t\u00e9 de la balance. D\u00e9r\u00e8glement climatique, crises\" \/>\n<meta property=\"og:url\" content=\"https:\/\/www.prendstadose.fr\/index.php\/romain-mailliu\/\" \/>\n<meta property=\"og:site_name\" content=\"PRENDS TA DOSE\" \/>\n<meta property=\"article:publisher\" content=\"https:\/\/www.facebook.com\/BrigadeSansFrontieres\/\" \/>\n<meta property=\"article:modified_time\" content=\"2024-09-30T16:26:02+00:00\" \/>\n<meta property=\"og:image\" content=\"https:\/\/www.prendstadose.fr\/wp-content\/uploads\/2021\/11\/IMG-8674-1.jpeg\" \/>\n<meta name=\"twitter:card\" content=\"summary_large_image\" \/>\n<meta name=\"twitter:label1\" content=\"Dur\u00e9e de lecture estim\u00e9e\" \/>\n\t<meta name=\"twitter:data1\" content=\"2 minutes\" \/>\n<script type=\"application\/ld+json\" class=\"yoast-schema-graph\">{\"@context\":\"https:\/\/schema.org\",\"@graph\":[{\"@type\":\"WebPage\",\"@id\":\"https:\/\/www.prendstadose.fr\/index.php\/romain-mailliu\/\",\"url\":\"https:\/\/www.prendstadose.fr\/index.php\/romain-mailliu\/\",\"name\":\"Romain Mailliu &#8212; PRENDS TA DOSE\",\"isPartOf\":{\"@id\":\"https:\/\/www.prendstadose.fr\/#website\"},\"primaryImageOfPage\":{\"@id\":\"https:\/\/www.prendstadose.fr\/index.php\/romain-mailliu\/#primaryimage\"},\"image\":{\"@id\":\"https:\/\/www.prendstadose.fr\/index.php\/romain-mailliu\/#primaryimage\"},\"thumbnailUrl\":\"https:\/\/www.prendstadose.fr\/wp-content\/uploads\/2021\/11\/IMG-8674-1.jpeg\",\"datePublished\":\"2021-11-19T17:37:37+00:00\",\"dateModified\":\"2024-09-30T16:26:02+00:00\",\"description\":\"Prends Ta Dose est le cri d\u2019une g\u00e9n\u00e9ration qui voit son monde tanguer dangereusement du mauvais c\u00f4t\u00e9 de la balance. D\u00e9r\u00e8glement climatique, crises\",\"breadcrumb\":{\"@id\":\"https:\/\/www.prendstadose.fr\/index.php\/romain-mailliu\/#breadcrumb\"},\"inLanguage\":\"fr-FR\",\"potentialAction\":[{\"@type\":\"ReadAction\",\"target\":[\"https:\/\/www.prendstadose.fr\/index.php\/romain-mailliu\/\"]}]},{\"@type\":\"ImageObject\",\"inLanguage\":\"fr-FR\",\"@id\":\"https:\/\/www.prendstadose.fr\/index.php\/romain-mailliu\/#primaryimage\",\"url\":\"https:\/\/www.prendstadose.fr\/wp-content\/uploads\/2021\/11\/IMG-8674-1.jpeg\",\"contentUrl\":\"https:\/\/www.prendstadose.fr\/wp-content\/uploads\/2021\/11\/IMG-8674-1.jpeg\",\"width\":1024,\"height\":768,\"caption\":\"Indon\u00e9sie - 2020\"},{\"@type\":\"BreadcrumbList\",\"@id\":\"https:\/\/www.prendstadose.fr\/index.php\/romain-mailliu\/#breadcrumb\",\"itemListElement\":[{\"@type\":\"ListItem\",\"position\":1,\"name\":\"Accueil\",\"item\":\"https:\/\/www.prendstadose.fr\/\"},{\"@type\":\"ListItem\",\"position\":2,\"name\":\"Romain Mailliu\"}]},{\"@type\":\"WebSite\",\"@id\":\"https:\/\/www.prendstadose.fr\/#website\",\"url\":\"https:\/\/www.prendstadose.fr\/\",\"name\":\"PRENDS TA DOSE\",\"description\":\"Capsule Culture Pour Analphab\u00e8tes Lettr\u00e9s\",\"publisher\":{\"@id\":\"https:\/\/www.prendstadose.fr\/#organization\"},\"potentialAction\":[{\"@type\":\"SearchAction\",\"target\":{\"@type\":\"EntryPoint\",\"urlTemplate\":\"https:\/\/www.prendstadose.fr\/?s={search_term_string}\"},\"query-input\":{\"@type\":\"PropertyValueSpecification\",\"valueRequired\":true,\"valueName\":\"search_term_string\"}}],\"inLanguage\":\"fr-FR\"},{\"@type\":\"Organization\",\"@id\":\"https:\/\/www.prendstadose.fr\/#organization\",\"name\":\"PrendsTaDose\",\"url\":\"https:\/\/www.prendstadose.fr\/\",\"logo\":{\"@type\":\"ImageObject\",\"inLanguage\":\"fr-FR\",\"@id\":\"https:\/\/www.prendstadose.fr\/#\/schema\/logo\/image\/\",\"url\":\"https:\/\/www.prendstadose.fr\/wp-content\/uploads\/2021\/08\/logo-e1641309847268.png\",\"contentUrl\":\"https:\/\/www.prendstadose.fr\/wp-content\/uploads\/2021\/08\/logo-e1641309847268.png\",\"width\":400,\"height\":406,\"caption\":\"PrendsTaDose\"},\"image\":{\"@id\":\"https:\/\/www.prendstadose.fr\/#\/schema\/logo\/image\/\"},\"sameAs\":[\"https:\/\/www.facebook.com\/BrigadeSansFrontieres\/\",\"https:\/\/www.instagram.com\/romain_mailliu\/\"]}]}<\/script>\n<!-- \/ Yoast SEO plugin. -->","yoast_head_json":{"title":"Romain Mailliu &#8212; PRENDS TA DOSE","description":"Prends Ta Dose est le cri d\u2019une g\u00e9n\u00e9ration qui voit son monde tanguer dangereusement du mauvais c\u00f4t\u00e9 de la balance. D\u00e9r\u00e8glement climatique, crises","robots":{"index":"index","follow":"follow","max-snippet":"max-snippet:-1","max-image-preview":"max-image-preview:large","max-video-preview":"max-video-preview:-1"},"canonical":"https:\/\/www.prendstadose.fr\/index.php\/romain-mailliu\/","og_locale":"fr_FR","og_type":"article","og_title":"Romain Mailliu &#8212; PRENDS TA DOSE","og_description":"Prends Ta Dose est le cri d\u2019une g\u00e9n\u00e9ration qui voit son monde tanguer dangereusement du mauvais c\u00f4t\u00e9 de la balance. D\u00e9r\u00e8glement climatique, crises","og_url":"https:\/\/www.prendstadose.fr\/index.php\/romain-mailliu\/","og_site_name":"PRENDS TA DOSE","article_publisher":"https:\/\/www.facebook.com\/BrigadeSansFrontieres\/","article_modified_time":"2024-09-30T16:26:02+00:00","og_image":[{"url":"https:\/\/www.prendstadose.fr\/wp-content\/uploads\/2021\/11\/IMG-8674-1.jpeg","type":"","width":"","height":""}],"twitter_card":"summary_large_image","twitter_misc":{"Dur\u00e9e de lecture estim\u00e9e":"2 minutes"},"schema":{"@context":"https:\/\/schema.org","@graph":[{"@type":"WebPage","@id":"https:\/\/www.prendstadose.fr\/index.php\/romain-mailliu\/","url":"https:\/\/www.prendstadose.fr\/index.php\/romain-mailliu\/","name":"Romain Mailliu &#8212; PRENDS TA DOSE","isPartOf":{"@id":"https:\/\/www.prendstadose.fr\/#website"},"primaryImageOfPage":{"@id":"https:\/\/www.prendstadose.fr\/index.php\/romain-mailliu\/#primaryimage"},"image":{"@id":"https:\/\/www.prendstadose.fr\/index.php\/romain-mailliu\/#primaryimage"},"thumbnailUrl":"https:\/\/www.prendstadose.fr\/wp-content\/uploads\/2021\/11\/IMG-8674-1.jpeg","datePublished":"2021-11-19T17:37:37+00:00","dateModified":"2024-09-30T16:26:02+00:00","description":"Prends Ta Dose est le cri d\u2019une g\u00e9n\u00e9ration qui voit son monde tanguer dangereusement du mauvais c\u00f4t\u00e9 de la balance. D\u00e9r\u00e8glement climatique, crises","breadcrumb":{"@id":"https:\/\/www.prendstadose.fr\/index.php\/romain-mailliu\/#breadcrumb"},"inLanguage":"fr-FR","potentialAction":[{"@type":"ReadAction","target":["https:\/\/www.prendstadose.fr\/index.php\/romain-mailliu\/"]}]},{"@type":"ImageObject","inLanguage":"fr-FR","@id":"https:\/\/www.prendstadose.fr\/index.php\/romain-mailliu\/#primaryimage","url":"https:\/\/www.prendstadose.fr\/wp-content\/uploads\/2021\/11\/IMG-8674-1.jpeg","contentUrl":"https:\/\/www.prendstadose.fr\/wp-content\/uploads\/2021\/11\/IMG-8674-1.jpeg","width":1024,"height":768,"caption":"Indon\u00e9sie - 2020"},{"@type":"BreadcrumbList","@id":"https:\/\/www.prendstadose.fr\/index.php\/romain-mailliu\/#breadcrumb","itemListElement":[{"@type":"ListItem","position":1,"name":"Accueil","item":"https:\/\/www.prendstadose.fr\/"},{"@type":"ListItem","position":2,"name":"Romain Mailliu"}]},{"@type":"WebSite","@id":"https:\/\/www.prendstadose.fr\/#website","url":"https:\/\/www.prendstadose.fr\/","name":"PRENDS TA DOSE","description":"Capsule Culture Pour Analphab\u00e8tes Lettr\u00e9s","publisher":{"@id":"https:\/\/www.prendstadose.fr\/#organization"},"potentialAction":[{"@type":"SearchAction","target":{"@type":"EntryPoint","urlTemplate":"https:\/\/www.prendstadose.fr\/?s={search_term_string}"},"query-input":{"@type":"PropertyValueSpecification","valueRequired":true,"valueName":"search_term_string"}}],"inLanguage":"fr-FR"},{"@type":"Organization","@id":"https:\/\/www.prendstadose.fr\/#organization","name":"PrendsTaDose","url":"https:\/\/www.prendstadose.fr\/","logo":{"@type":"ImageObject","inLanguage":"fr-FR","@id":"https:\/\/www.prendstadose.fr\/#\/schema\/logo\/image\/","url":"https:\/\/www.prendstadose.fr\/wp-content\/uploads\/2021\/08\/logo-e1641309847268.png","contentUrl":"https:\/\/www.prendstadose.fr\/wp-content\/uploads\/2021\/08\/logo-e1641309847268.png","width":400,"height":406,"caption":"PrendsTaDose"},"image":{"@id":"https:\/\/www.prendstadose.fr\/#\/schema\/logo\/image\/"},"sameAs":["https:\/\/www.facebook.com\/BrigadeSansFrontieres\/","https:\/\/www.instagram.com\/romain_mailliu\/"]}]}},"jetpack_sharing_enabled":true,"_links":{"self":[{"href":"https:\/\/www.prendstadose.fr\/index.php\/wp-json\/wp\/v2\/pages\/3147","targetHints":{"allow":["GET"]}}],"collection":[{"href":"https:\/\/www.prendstadose.fr\/index.php\/wp-json\/wp\/v2\/pages"}],"about":[{"href":"https:\/\/www.prendstadose.fr\/index.php\/wp-json\/wp\/v2\/types\/page"}],"author":[{"embeddable":true,"href":"https:\/\/www.prendstadose.fr\/index.php\/wp-json\/wp\/v2\/users\/1"}],"replies":[{"embeddable":true,"href":"https:\/\/www.prendstadose.fr\/index.php\/wp-json\/wp\/v2\/comments?post=3147"}],"version-history":[{"count":12,"href":"https:\/\/www.prendstadose.fr\/index.php\/wp-json\/wp\/v2\/pages\/3147\/revisions"}],"predecessor-version":[{"id":4081,"href":"https:\/\/www.prendstadose.fr\/index.php\/wp-json\/wp\/v2\/pages\/3147\/revisions\/4081"}],"wp:attachment":[{"href":"https:\/\/www.prendstadose.fr\/index.php\/wp-json\/wp\/v2\/media?parent=3147"}],"curies":[{"name":"wp","href":"https:\/\/api.w.org\/{rel}","templated":true}]}}